{"id":7355,"date":"2023-07-05T12:31:22","date_gmt":"2023-07-05T12:31:22","guid":{"rendered":"https:\/\/centralconsulting.africa\/?post_type=product&#038;p=7355"},"modified":"2023-07-05T12:31:22","modified_gmt":"2023-07-05T12:31:22","slug":"soupapes-et-sieges-de-soupape","status":"publish","type":"product","link":"https:\/\/centralconsulting.africa\/index.php\/product\/soupapes-et-sieges-de-soupape\/","title":{"rendered":"SOUPAPES ET SI\u00c8GES DE SOUPAPE"},"content":{"rendered":"<p>Chez CC, nous proposons diff\u00e9rents types de soupapes d\u2019admission et d\u2019\u00e9chappement produites en stellite ou nimonic.<\/p>\n","protected":false},"excerpt":{"rendered":"<p>Le si\u00e8ge de soupape dans un moteur \u00e0 essence ou diesel \u00e0 combustion interne est la surface contre laquelle une soupape d\u2019admission ou d\u2019\u00e9chappement repose pendant la partie du cycle de fonctionnement du moteur lorsque cette soupape est ferm\u00e9e. Le si\u00e8ge de soupape est un \u00e9l\u00e9ment essentiel d\u2019un moteur en ce que s\u2019il est mal positionn\u00e9, orient\u00e9 ou form\u00e9 pendant la fabrication, une fuite de soupape se produira, ce qui affectera n\u00e9gativement le taux de compression du moteur et, par cons\u00e9quent, l\u2019efficacit\u00e9 du moteur, ses performances (puissance et couple moteur). ), les \u00e9missions d\u2019\u00e9chappement et la dur\u00e9e de vie du moteur.<\/p>\n","protected":false},"featured_media":7356,"comment_status":"open","ping_status":"closed","template":"","meta":[],"product_cat":[],"product_tag":[],"_links":{"self":[{"href":"https:\/\/centralconsulting.africa\/index.php\/wp-json\/wp\/v2\/product\/7355"}],"collection":[{"href":"https:\/\/centralconsulting.africa\/index.php\/wp-json\/wp\/v2\/product"}],"about":[{"href":"https:\/\/centralconsulting.africa\/index.php\/wp-json\/wp\/v2\/types\/product"}],"replies":[{"embeddable":true,"href":"https:\/\/centralconsulting.africa\/index.php\/wp-json\/wp\/v2\/comments?post=7355"}],"wp:featuredmedia":[{"embeddable":true,"href":"https:\/\/centralconsulting.africa\/index.php\/wp-json\/wp\/v2\/media\/7356"}],"wp:attachment":[{"href":"https:\/\/centralconsulting.africa\/index.php\/wp-json\/wp\/v2\/media?parent=7355"}],"wp:term":[{"taxonomy":"product_cat","embeddable":true,"href":"https:\/\/centralconsulting.africa\/index.php\/wp-json\/wp\/v2\/product_cat?post=7355"},{"taxonomy":"product_tag","embeddable":true,"href":"https:\/\/centralconsulting.africa\/index.php\/wp-json\/wp\/v2\/product_tag?post=7355"}],"curies":[{"name":"wp","href":"https:\/\/api.w.org\/{rel}","templated":true}]}}