{"id":7349,"date":"2023-07-05T12:26:06","date_gmt":"2023-07-05T12:26:06","guid":{"rendered":"https:\/\/centralconsulting.africa\/?post_type=product&#038;p=7349"},"modified":"2023-07-05T12:26:06","modified_gmt":"2023-07-05T12:26:06","slug":"composition-des-segments-de-pistons","status":"publish","type":"product","link":"https:\/\/centralconsulting.africa\/index.php\/product\/composition-des-segments-de-pistons\/","title":{"rendered":"COMPOSITION DES SEGMENTS DE PISTONS"},"content":{"rendered":"<p>CONFIGURATION DES SEGMENTS DE PISTONS MARINS<br \/>\nDans ces configurations, nous divisons les types de section transversale en segments de compression et segments de contr\u00f4le d\u2019huile. Lorsque nous parlons d\u2019anneaux de compression, nous avons les types suivants :<\/p>\n","protected":false},"excerpt":{"rendered":"<p>Notre programme de segments de piston contient diff\u00e9rentes compositions de mat\u00e9riaux. Plusieurs facteurs sont importants et li\u00e9s \u00e0 diff\u00e9rentes compositions chimiques. Par exemple, la taille, la valeur du module d\u2019\u00e9lasticit\u00e9, la valeur de la force d\u2019essai transversale, la duret\u00e9 et le coefficient de d\u00e9t\u00e9rioration de la tension. Ces facteurs sont tous applicables aux ex\u00e9cutions connues en fonte telles que le graphite nodulaire, le graphite vermiculaire compact\u00e9 et le graphite en flocons.<\/p>\n","protected":false},"featured_media":7350,"comment_status":"open","ping_status":"closed","template":"","meta":[],"product_cat":[],"product_tag":[],"_links":{"self":[{"href":"https:\/\/centralconsulting.africa\/index.php\/wp-json\/wp\/v2\/product\/7349"}],"collection":[{"href":"https:\/\/centralconsulting.africa\/index.php\/wp-json\/wp\/v2\/product"}],"about":[{"href":"https:\/\/centralconsulting.africa\/index.php\/wp-json\/wp\/v2\/types\/product"}],"replies":[{"embeddable":true,"href":"https:\/\/centralconsulting.africa\/index.php\/wp-json\/wp\/v2\/comments?post=7349"}],"wp:featuredmedia":[{"embeddable":true,"href":"https:\/\/centralconsulting.africa\/index.php\/wp-json\/wp\/v2\/media\/7350"}],"wp:attachment":[{"href":"https:\/\/centralconsulting.africa\/index.php\/wp-json\/wp\/v2\/media?parent=7349"}],"wp:term":[{"taxonomy":"product_cat","embeddable":true,"href":"https:\/\/centralconsulting.africa\/index.php\/wp-json\/wp\/v2\/product_cat?post=7349"},{"taxonomy":"product_tag","embeddable":true,"href":"https:\/\/centralconsulting.africa\/index.php\/wp-json\/wp\/v2\/product_tag?post=7349"}],"curies":[{"name":"wp","href":"https:\/\/api.w.org\/{rel}","templated":true}]}}