{"id":7347,"date":"2023-07-05T12:22:40","date_gmt":"2023-07-05T12:22:40","guid":{"rendered":"https:\/\/centralconsulting.africa\/?post_type=product&#038;p=7347"},"modified":"2023-07-05T12:22:40","modified_gmt":"2023-07-05T12:22:40","slug":"les-segments-de-pistons","status":"publish","type":"product","link":"https:\/\/centralconsulting.africa\/index.php\/product\/les-segments-de-pistons\/","title":{"rendered":"LES SEGMENTS DE PISTONS"},"content":{"rendered":"","protected":false},"excerpt":{"rendered":"<p>Un segment de piston est un segment divis\u00e9 extensible utilis\u00e9 pour assurer l\u2019\u00e9tanch\u00e9it\u00e9 entre le piston et la paroi du cylindre. Les segments de piston sont g\u00e9n\u00e9ralement fabriqu\u00e9s en fonte. En raison de la nouvelle r\u00e9glementation 2020 sur le plafond de soufre, MAN B&#038;W a introduit des segments de piston rev\u00eatus de cermet. Pour les types plus anciens ou les moteurs qui utilisent par exemple des \u00e9purateurs et continuent de fonctionner au HFO, nous avons des types tels que les versions rev\u00eatues d\u2019aluminium, de bronze et de c\u00e9ramique. Les autres options sont des segments de piston avec verrouillage \u00e9tanche aux gaz et ex\u00e9cutions \u00e0 gauche et \u00e0 droite et des mod\u00e8les de diff\u00e9rentes dimensions telles que 9, 11, 12,5 et 14 mm.<\/p>\n","protected":false},"featured_media":7348,"comment_status":"open","ping_status":"closed","template":"","meta":[],"product_cat":[],"product_tag":[],"_links":{"self":[{"href":"https:\/\/centralconsulting.africa\/index.php\/wp-json\/wp\/v2\/product\/7347"}],"collection":[{"href":"https:\/\/centralconsulting.africa\/index.php\/wp-json\/wp\/v2\/product"}],"about":[{"href":"https:\/\/centralconsulting.africa\/index.php\/wp-json\/wp\/v2\/types\/product"}],"replies":[{"embeddable":true,"href":"https:\/\/centralconsulting.africa\/index.php\/wp-json\/wp\/v2\/comments?post=7347"}],"wp:featuredmedia":[{"embeddable":true,"href":"https:\/\/centralconsulting.africa\/index.php\/wp-json\/wp\/v2\/media\/7348"}],"wp:attachment":[{"href":"https:\/\/centralconsulting.africa\/index.php\/wp-json\/wp\/v2\/media?parent=7347"}],"wp:term":[{"taxonomy":"product_cat","embeddable":true,"href":"https:\/\/centralconsulting.africa\/index.php\/wp-json\/wp\/v2\/product_cat?post=7347"},{"taxonomy":"product_tag","embeddable":true,"href":"https:\/\/centralconsulting.africa\/index.php\/wp-json\/wp\/v2\/product_tag?post=7347"}],"curies":[{"name":"wp","href":"https:\/\/api.w.org\/{rel}","templated":true}]}}