{"id":7341,"date":"2023-07-05T12:18:01","date_gmt":"2023-07-05T12:18:01","guid":{"rendered":"https:\/\/centralconsulting.africa\/?post_type=product&#038;p=7341"},"modified":"2023-07-05T12:20:32","modified_gmt":"2023-07-05T12:20:32","slug":"transfert-de-chaleur","status":"publish","type":"product","link":"https:\/\/centralconsulting.africa\/index.php\/product\/transfert-de-chaleur\/","title":{"rendered":"TRANSFERT DE CHALEUR"},"content":{"rendered":"","protected":false},"excerpt":{"rendered":"<p>La chemise de cylindre agit comme une paroi int\u00e9rieure du cylindre et forme une surface coulissante pour les segments de piston tout en conservant le lubrifiant \u00e0 l\u2019int\u00e9rieur. La fonction la plus importante des chemises de cylindre est les excellentes caract\u00e9ristiques de surface de glissement. C\u2019est pourquoi vous devriez toujours pr\u00e9f\u00e9rer une doublure standard de haute qualit\u00e9 avec un certificat.<\/p>\n","protected":false},"featured_media":7342,"comment_status":"open","ping_status":"closed","template":"","meta":[],"product_cat":[],"product_tag":[],"_links":{"self":[{"href":"https:\/\/centralconsulting.africa\/index.php\/wp-json\/wp\/v2\/product\/7341"}],"collection":[{"href":"https:\/\/centralconsulting.africa\/index.php\/wp-json\/wp\/v2\/product"}],"about":[{"href":"https:\/\/centralconsulting.africa\/index.php\/wp-json\/wp\/v2\/types\/product"}],"replies":[{"embeddable":true,"href":"https:\/\/centralconsulting.africa\/index.php\/wp-json\/wp\/v2\/comments?post=7341"}],"wp:featuredmedia":[{"embeddable":true,"href":"https:\/\/centralconsulting.africa\/index.php\/wp-json\/wp\/v2\/media\/7342"}],"wp:attachment":[{"href":"https:\/\/centralconsulting.africa\/index.php\/wp-json\/wp\/v2\/media?parent=7341"}],"wp:term":[{"taxonomy":"product_cat","embeddable":true,"href":"https:\/\/centralconsulting.africa\/index.php\/wp-json\/wp\/v2\/product_cat?post=7341"},{"taxonomy":"product_tag","embeddable":true,"href":"https:\/\/centralconsulting.africa\/index.php\/wp-json\/wp\/v2\/product_tag?post=7341"}],"curies":[{"name":"wp","href":"https:\/\/api.w.org\/{rel}","templated":true}]}}