{"id":7335,"date":"2023-07-05T11:58:37","date_gmt":"2023-07-05T11:58:37","guid":{"rendered":"https:\/\/centralconsulting.africa\/?post_type=product&#038;p=7335"},"modified":"2023-07-05T11:58:37","modified_gmt":"2023-07-05T11:58:37","slug":"collecteur-cyclonique-de-poussieres","status":"publish","type":"product","link":"https:\/\/centralconsulting.africa\/index.php\/product\/collecteur-cyclonique-de-poussieres\/","title":{"rendered":"COLLECTEUR CYCLONIQUE DE POUSSI\u00c8RES"},"content":{"rendered":"","protected":false},"excerpt":{"rendered":"<p>Le collecteur de poussi\u00e8res cyclonique est une unit\u00e9 de d\u00e9poussi\u00e9rage traditionnelle con\u00e7ue pour limiter le diffusion de particules dans l\u2019environnement.<\/p>\n<p>Le collecteur de poussi\u00e8res cyclonique fonctionnant par effet centrifuge, un double vortex est n\u00e9cessaire pour s\u00e9parer l\u2019air du mat\u00e9riau des poussi\u00e8res fines. Le vortex principal tourne en spirale vers le bas et transport la plupart des particlues de poussi\u00e8re.<\/p>\n","protected":false},"featured_media":7336,"comment_status":"open","ping_status":"closed","template":"","meta":[],"product_cat":[],"product_tag":[],"_links":{"self":[{"href":"https:\/\/centralconsulting.africa\/index.php\/wp-json\/wp\/v2\/product\/7335"}],"collection":[{"href":"https:\/\/centralconsulting.africa\/index.php\/wp-json\/wp\/v2\/product"}],"about":[{"href":"https:\/\/centralconsulting.africa\/index.php\/wp-json\/wp\/v2\/types\/product"}],"replies":[{"embeddable":true,"href":"https:\/\/centralconsulting.africa\/index.php\/wp-json\/wp\/v2\/comments?post=7335"}],"wp:featuredmedia":[{"embeddable":true,"href":"https:\/\/centralconsulting.africa\/index.php\/wp-json\/wp\/v2\/media\/7336"}],"wp:attachment":[{"href":"https:\/\/centralconsulting.africa\/index.php\/wp-json\/wp\/v2\/media?parent=7335"}],"wp:term":[{"taxonomy":"product_cat","embeddable":true,"href":"https:\/\/centralconsulting.africa\/index.php\/wp-json\/wp\/v2\/product_cat?post=7335"},{"taxonomy":"product_tag","embeddable":true,"href":"https:\/\/centralconsulting.africa\/index.php\/wp-json\/wp\/v2\/product_tag?post=7335"}],"curies":[{"name":"wp","href":"https:\/\/api.w.org\/{rel}","templated":true}]}}