{"id":7333,"date":"2023-07-03T16:41:47","date_gmt":"2023-07-03T16:41:47","guid":{"rendered":"https:\/\/centralconsulting.africa\/?post_type=product&#038;p=7333"},"modified":"2023-07-03T16:41:49","modified_gmt":"2023-07-03T16:41:49","slug":"bloc-moteur-et-tete","status":"publish","type":"product","link":"https:\/\/centralconsulting.africa\/index.php\/product\/bloc-moteur-et-tete\/","title":{"rendered":"BLOC MOTEUR ET T\u00caTE"},"content":{"rendered":"<p>MONTAGE DU MOTEUR<br \/>\nSupport moteur flexible<br \/>\nSYST\u00c8ME DE LUBRIFICATION<br \/>\nRefroidisseur d\u2019huile tubulaire refroidi \u00e0 l\u2019eau de mer<br \/>\nFiltre \u00e0 huile \u00e0 cartouche unique, facile \u00e0 remplacer, sans d\u00e9versement<br \/>\nSYST\u00c8ME DE CARBURANT<br \/>\nSyst\u00e8me d\u2019injection de carburant Common Rail<br \/>\nPompe \u00e0 carburant \u00e0 engrenages et calage de l\u2019injection<br \/>\nSyst\u00e8me de traitement central \u00e0 commande \u00e9lectronique (EMS \u2013 Engine Management System)<br \/>\nFiltre \u00e0 carburant fin unique du type vissable, avec s\u00e9parateur d\u2019eau et alarme d\u2019eau<br \/>\nSYST\u00c8ME D\u2019ENTR\u00c9E ET D\u2019\u00c9CHAPPEMENT D\u2019AIR<br \/>\nTurbocompresseur a double entr\u00e9e en position m\u00e9diane avec refroidisseur d\u2019admission<br \/>\nFiltre \u00e0 air avec inserts rempla\u00e7ables<br \/>\nCoude \/ colonne montante d\u2019\u00e9chappement humide (option)<br \/>\nAlarme de perte d\u2019eau de mer<br \/>\nSYST\u00c8ME DE REFROIDISSEMENT<br \/>\nHE (\u00e9changeur de chaleur)<br \/>\nKC (refroidissement de la quille)<br \/>\nSYST\u00c8ME \u00c9LECTRIQUE<br \/>\n24V avec alternateur suppl\u00e9mentaire 12V \/ 115A ou 24V \/ 80A<br \/>\nINSTRUMENTS \/ CONTR\u00d4LES<br \/>\nUn syst\u00e8me homologu\u00e9 qui int\u00e8gre pleinement le moteur, l\u2019\u00e9lectronique et l\u2019ensemble unique des fonctionnalit\u00e9s EVC<br \/>\nConnecteurs enfichables<br \/>\n\u00c9cran couleur du syst\u00e8me EVC \u2013 en option<br \/>\nPROPULSION<br \/>\nEntra\u00eenement d\u2019arbre<\/p>\n","protected":false},"excerpt":{"rendered":"<p>Bloc-cylindres en fonte<br \/>\nCulasse monobloc en fonte<br \/>\nCh\u00e2ssis d\u2019\u00e9chelle mont\u00e9 sur le bloc moteur<br \/>\nDoublures de cylindre sec rempla\u00e7able et si\u00e8ges \/ guides de soupape<br \/>\nVilebrequin forg\u00e9 avec surfaces d\u2019appui tremp\u00e9es par induction et filets avec 7 roulements principaux<br \/>\n4 soupapes par configuration de cylindre avec arbre \u00e0 cames en t\u00eate<br \/>\nChaque cylindre comporte des conduits d\u2019admission et d\u2019\u00e9chappement \u00e0 \u00e9coulement transversal<br \/>\nPistons en alliage d\u2019aluminium coul\u00e9 refroidis par huile avec trois segments de piston<br \/>\nTransmission arri\u00e8re<\/p>\n","protected":false},"featured_media":7334,"comment_status":"open","ping_status":"closed","template":"","meta":[],"product_cat":[],"product_tag":[],"_links":{"self":[{"href":"https:\/\/centralconsulting.africa\/index.php\/wp-json\/wp\/v2\/product\/7333"}],"collection":[{"href":"https:\/\/centralconsulting.africa\/index.php\/wp-json\/wp\/v2\/product"}],"about":[{"href":"https:\/\/centralconsulting.africa\/index.php\/wp-json\/wp\/v2\/types\/product"}],"replies":[{"embeddable":true,"href":"https:\/\/centralconsulting.africa\/index.php\/wp-json\/wp\/v2\/comments?post=7333"}],"wp:featuredmedia":[{"embeddable":true,"href":"https:\/\/centralconsulting.africa\/index.php\/wp-json\/wp\/v2\/media\/7334"}],"wp:attachment":[{"href":"https:\/\/centralconsulting.africa\/index.php\/wp-json\/wp\/v2\/media?parent=7333"}],"wp:term":[{"taxonomy":"product_cat","embeddable":true,"href":"https:\/\/centralconsulting.africa\/index.php\/wp-json\/wp\/v2\/product_cat?post=7333"},{"taxonomy":"product_tag","embeddable":true,"href":"https:\/\/centralconsulting.africa\/index.php\/wp-json\/wp\/v2\/product_tag?post=7333"}],"curies":[{"name":"wp","href":"https:\/\/api.w.org\/{rel}","templated":true}]}}