{"id":7331,"date":"2023-07-03T16:35:55","date_gmt":"2023-07-03T16:35:55","guid":{"rendered":"https:\/\/centralconsulting.africa\/?post_type=product&#038;p=7331"},"modified":"2023-07-03T16:35:56","modified_gmt":"2023-07-03T16:35:56","slug":"hublots-de-navires-standards-et-resistants-au-feu","status":"publish","type":"product","link":"https:\/\/centralconsulting.africa\/index.php\/product\/hublots-de-navires-standards-et-resistants-au-feu\/","title":{"rendered":"HUBLOTS DE NAVIRES STANDARDS ET R\u00c9SISTANTS AU FEU"},"content":{"rendered":"<p>Mat\u00e9riel<br \/>\nLes hublots de navires Wigo sont fabriqu\u00e9s en acier extrud\u00e9 \u00e0 chaud ou profil\u00e9 en acier inoxydable. Liste en verre d\u2019acier inoxydable. Verre mont\u00e9 dans un cadre avec un syst\u00e8me de profil\u00e9 en U sp\u00e9cial qui reste toujours flexible et minimise les risques de corrosion. Fen\u00eatres et sabords coupe-feu conformes \u00e0 l\u2019OMI 754 (18) avec module d\u2019approbation CE D, E et F.<\/p>\n<p>acier ou acier \u00e0 haute r\u00e9sistance<br \/>\nacier inoxydable, de diff\u00e9rentes qualit\u00e9s<br \/>\nalliage d\u2019aluminium<br \/>\nlaiton massif<br \/>\nVerre de hublot<br \/>\nLe verre des hublots de navires Wigo provient des meilleurs producteurs europ\u00e9ens. Selon les besoins des clients, il peut s\u2019agir de verres monolithiques d\u2019\u00e9paisseur standard 8, 10, 12, 15 et 19 mm (maximum 25 mm) et de verres sp\u00e9ciaux.<\/p>\n<p>verre tremp\u00e9 simple \/ monolitique<br \/>\nclair ou color\u00e9<br \/>\nverre tremp\u00e9 feuillet\u00e9<br \/>\nverre tremp\u00e9 r\u00e9sistant au feu<br \/>\nverre tremp\u00e9 isol\u00e9<br \/>\nverre tremp\u00e9 \u00e0 faible \u00e9missivit\u00e9<br \/>\nverre tremp\u00e9 pare-balles<br \/>\nverre tremp\u00e9 insonoris\u00e9<\/p>\n","protected":false},"excerpt":{"rendered":"<p>La gamme des hublots de navires Wigo regroupe les produits suivants :<\/p>\n<p>hublot fixe, avec ou sans impasse<br \/>\nhublot ouvrable, avec ou sans impasse<br \/>\nhublot combin\u00e9, double fixe<br \/>\nhublots fixes coupe-feu, classe A0 \/ A30 ou A60 selon. R\u00e9solution OMI A754 (18)<br \/>\nhublot \u00e0 cadre de soudage droit ou conique<br \/>\nhublot avec bride pour bo\u00eete de hublot de connexion<\/p>\n","protected":false},"featured_media":7332,"comment_status":"open","ping_status":"closed","template":"","meta":[],"product_cat":[],"product_tag":[],"_links":{"self":[{"href":"https:\/\/centralconsulting.africa\/index.php\/wp-json\/wp\/v2\/product\/7331"}],"collection":[{"href":"https:\/\/centralconsulting.africa\/index.php\/wp-json\/wp\/v2\/product"}],"about":[{"href":"https:\/\/centralconsulting.africa\/index.php\/wp-json\/wp\/v2\/types\/product"}],"replies":[{"embeddable":true,"href":"https:\/\/centralconsulting.africa\/index.php\/wp-json\/wp\/v2\/comments?post=7331"}],"wp:featuredmedia":[{"embeddable":true,"href":"https:\/\/centralconsulting.africa\/index.php\/wp-json\/wp\/v2\/media\/7332"}],"wp:attachment":[{"href":"https:\/\/centralconsulting.africa\/index.php\/wp-json\/wp\/v2\/media?parent=7331"}],"wp:term":[{"taxonomy":"product_cat","embeddable":true,"href":"https:\/\/centralconsulting.africa\/index.php\/wp-json\/wp\/v2\/product_cat?post=7331"},{"taxonomy":"product_tag","embeddable":true,"href":"https:\/\/centralconsulting.africa\/index.php\/wp-json\/wp\/v2\/product_tag?post=7331"}],"curies":[{"name":"wp","href":"https:\/\/api.w.org\/{rel}","templated":true}]}}