{"id":7329,"date":"2023-07-03T16:30:22","date_gmt":"2023-07-03T16:30:22","guid":{"rendered":"https:\/\/centralconsulting.africa\/?post_type=product&#038;p=7329"},"modified":"2023-07-03T16:31:58","modified_gmt":"2023-07-03T16:31:58","slug":"fenetres-de-navires-normales-et-resistantes-au-feu","status":"publish","type":"product","link":"https:\/\/centralconsulting.africa\/index.php\/product\/fenetres-de-navires-normales-et-resistantes-au-feu\/","title":{"rendered":"FEN\u00caTRES DE NAVIRES NORMALES ET R\u00c9SISTANTES AU FEU"},"content":{"rendered":"<p>Mat\u00e9riel<br \/>\nLes fen\u00eatres de navires Wigo sont fabriqu\u00e9s en acier extrud\u00e9 \u00e0 chaud ou profil\u00e9 en acier inoxydable. Liste en verre d\u2019acier inoxydable. Verre mont\u00e9 dans un cadre avec un syst\u00e8me de profil\u00e9 en U sp\u00e9cial qui reste toujours flexible et minimise les risques de corrosion. Fen\u00eatres et sabords coupe-feu conformes \u00e0 l\u2019OMI 754 (18) avec module d\u2019approbation CE D, E et F.<\/p>\n<p>profil en acier<br \/>\nprofil en acier inoxydable<br \/>\nprofil en aluminium<br \/>\nlaiton coul\u00e9<br \/>\nfonte d\u2019aluminium<br \/>\nVerre<br \/>\nLe verre des fen\u00eatres Wigo provient des meilleurs producteurs europ\u00e9ens. Selon les besoins des clients, il peut s\u2019agir de verres monolithiques d\u2019\u00e9paisseur standard 8, 10, 12, 15 et 19 mm (maximum 25 mm) et de verres sp\u00e9ciaux.<\/p>\n<p>verre monolithique<br \/>\nverre double<br \/>\nverre tremp\u00e9 thermiquement ou chimiquement<br \/>\nverre feuillet\u00e9<br \/>\nverre isol\u00e9 thermiquement<br \/>\nverre chauff\u00e9 \u00e9lectriquement (avec \u00e9l\u00e9ment chauffant enferm\u00e9 dans le verre)<br \/>\nverre insonoris\u00e9<br \/>\nverre anti-explosif<br \/>\nverre blind\u00e9<br \/>\nverre Classe A0 monolithique et composite<br \/>\nverre Classe A30 et A60<br \/>\nverre clair ou teint\u00e9<br \/>\nverre avec rev\u00eatement en couche antireflet, neutre ou teint\u00e9<br \/>\nverre avec profil plat et courbe<\/p>\n","protected":false},"excerpt":{"rendered":"<p>Les fen\u00eatres de navires Wigo comprennent :<\/p>\n<p>fen\u00eatres simples<br \/>\nfen\u00eatres en plusieurs parties<br \/>\nfen\u00eatres \u00e0 pince<br \/>\nfen\u00eatres coulissantes horizontales et verticales<br \/>\ncadres sp\u00e9cialement con\u00e7us sur-mesure<br \/>\nfen\u00eatres avec divers types de traitement de surface final<\/p>\n","protected":false},"featured_media":7330,"comment_status":"open","ping_status":"closed","template":"","meta":[],"product_cat":[],"product_tag":[],"_links":{"self":[{"href":"https:\/\/centralconsulting.africa\/index.php\/wp-json\/wp\/v2\/product\/7329"}],"collection":[{"href":"https:\/\/centralconsulting.africa\/index.php\/wp-json\/wp\/v2\/product"}],"about":[{"href":"https:\/\/centralconsulting.africa\/index.php\/wp-json\/wp\/v2\/types\/product"}],"replies":[{"embeddable":true,"href":"https:\/\/centralconsulting.africa\/index.php\/wp-json\/wp\/v2\/comments?post=7329"}],"wp:featuredmedia":[{"embeddable":true,"href":"https:\/\/centralconsulting.africa\/index.php\/wp-json\/wp\/v2\/media\/7330"}],"wp:attachment":[{"href":"https:\/\/centralconsulting.africa\/index.php\/wp-json\/wp\/v2\/media?parent=7329"}],"wp:term":[{"taxonomy":"product_cat","embeddable":true,"href":"https:\/\/centralconsulting.africa\/index.php\/wp-json\/wp\/v2\/product_cat?post=7329"},{"taxonomy":"product_tag","embeddable":true,"href":"https:\/\/centralconsulting.africa\/index.php\/wp-json\/wp\/v2\/product_tag?post=7329"}],"curies":[{"name":"wp","href":"https:\/\/api.w.org\/{rel}","templated":true}]}}