{"id":7325,"date":"2023-07-03T15:53:10","date_gmt":"2023-07-03T15:53:10","guid":{"rendered":"https:\/\/centralconsulting.africa\/?post_type=product&#038;p=7325"},"modified":"2023-07-03T15:53:11","modified_gmt":"2023-07-03T15:53:11","slug":"incinerateur-marin-gs500cfgsw","status":"publish","type":"product","link":"https:\/\/centralconsulting.africa\/index.php\/product\/incinerateur-marin-gs500cfgsw\/","title":{"rendered":"INCIN\u00c9RATEUR MARIN GS500CFGSW"},"content":{"rendered":"<p>Selon la r\u00e9glementation de l\u2019OMI, les d\u00e9chets solides et liquides suivants peuvent \u00eatre br\u00fbl\u00e9s dans un incin\u00e9rateur de bord certifi\u00e9 par l\u2019OMI :<\/p>\n<p>Plastique, carton, bois<br \/>\nCaoutchouc, tissu, chiffons huileux, filtres \u00e0 huile lubrifiants<br \/>\nRaclage de r\u00e9cup\u00e9ration de moteur diesel<br \/>\nGrattage de la peinture<br \/>\nD\u00e9chets alimentaires, etc.<br \/>\nHuile de boue, huile de lubrification us\u00e9e<br \/>\nD\u00e9chets hospitaliers, griffes hygi\u00e9niques f\u00e9minines<br \/>\nDestruction de l\u2019eau contamin\u00e9e<br \/>\nIl est interdit d\u2019incin\u00e9rer des mat\u00e9riaux qui contiennent plus que des traces de m\u00e9taux lourds et de produits p\u00e9troliers raffin\u00e9s contenant des compos\u00e9s halog\u00e9n\u00e9s. Les ampoules contiennent du m\u00e9tal lourd et, par cons\u00e9quent, il est interdit de les incin\u00e9rer. Sous les d\u00e9chets d\u2019exploitation \u00e0 bord des navires, les mat\u00e9riaux suivants ont une densit\u00e9 les pla\u00e7ant dans la cat\u00e9gorie des m\u00e9taux lourds :<\/p>\n<p>Mercure<br \/>\nConduire<br \/>\nNickel<br \/>\nVanadium<br \/>\nZinc<br \/>\nLe r\u00e8glement 16 de l\u2019annexe VI de l\u2019OMI interdit l\u2019incin\u00e9ration \u00e0 bord de certains produits, tels que les mat\u00e9riaux d\u2019emballage contamin\u00e9s et les biph\u00e9nyles polychlor\u00e9s (PCB). Ne pas incin\u00e9rer des m\u00e9taux comme le soda et les assiettes, les couverts, les cuill\u00e8res \/ plateaux de service, la quincaillerie (\u00e9crous et boulons), les pi\u00e8ces structurelles, le c\u00e2ble m\u00e9tallique, les cha\u00eenes, le verre, tels que les bouteilles, les bocaux, les verres, les mat\u00e9riaux inflammables tels que les bouteilles ou bidons contenant des liquides ou des gaz inflammables et des bombes a\u00e9rosols. Ne pas incin\u00e9rer de lourdes charges avec des d\u00e9chets alimentaires en plastique ou en vrac. Lisez l\u2019\u00e9tiquette d\u2019instructions \/ d\u2019avertissement sur la porte de la poubelle. Le chargement de verre se traduira par un laitier dur comme la roche, qui est difficile \u00e0 retirer du rev\u00eatement r\u00e9fractaire. Veuillez t\u00e9l\u00e9charger nos directives pour une incin\u00e9ration s\u00fbre.<\/p>\n","protected":false},"excerpt":{"rendered":"<p>L&#8217;incin\u00e9rateur TEAMTEC mod\u00e8le GS500CFGSW avec d\u00e9chiqueteur et stoker vis est une version sp\u00e9cialis\u00e9e con\u00e7ue sur mesure pour l&#8217;alimentation continue et automatique automatique de grandes quantit\u00e9s de d\u00e9chets solides.<\/p>\n","protected":false},"featured_media":7326,"comment_status":"open","ping_status":"closed","template":"","meta":[],"product_cat":[],"product_tag":[],"_links":{"self":[{"href":"https:\/\/centralconsulting.africa\/index.php\/wp-json\/wp\/v2\/product\/7325"}],"collection":[{"href":"https:\/\/centralconsulting.africa\/index.php\/wp-json\/wp\/v2\/product"}],"about":[{"href":"https:\/\/centralconsulting.africa\/index.php\/wp-json\/wp\/v2\/types\/product"}],"replies":[{"embeddable":true,"href":"https:\/\/centralconsulting.africa\/index.php\/wp-json\/wp\/v2\/comments?post=7325"}],"wp:featuredmedia":[{"embeddable":true,"href":"https:\/\/centralconsulting.africa\/index.php\/wp-json\/wp\/v2\/media\/7326"}],"wp:attachment":[{"href":"https:\/\/centralconsulting.africa\/index.php\/wp-json\/wp\/v2\/media?parent=7325"}],"wp:term":[{"taxonomy":"product_cat","embeddable":true,"href":"https:\/\/centralconsulting.africa\/index.php\/wp-json\/wp\/v2\/product_cat?post=7325"},{"taxonomy":"product_tag","embeddable":true,"href":"https:\/\/centralconsulting.africa\/index.php\/wp-json\/wp\/v2\/product_tag?post=7325"}],"curies":[{"name":"wp","href":"https:\/\/api.w.org\/{rel}","templated":true}]}}