{"id":7323,"date":"2023-07-03T15:50:36","date_gmt":"2023-07-03T15:50:36","guid":{"rendered":"https:\/\/centralconsulting.africa\/?post_type=product&#038;p=7323"},"modified":"2023-07-03T15:50:37","modified_gmt":"2023-07-03T15:50:37","slug":"incinerateur-marin-gs1000cx","status":"publish","type":"product","link":"https:\/\/centralconsulting.africa\/index.php\/product\/incinerateur-marin-gs1000cx\/","title":{"rendered":"INCIN\u00c9RATEUR MARIN GS1000CX"},"content":{"rendered":"","protected":false},"excerpt":{"rendered":"<p>L&#8217;incin\u00e9rateur marin GS1000C TeamTec est l&#8217;incin\u00e9rateur le plus compact, par rapport \u00e0 sa capacit\u00e9 de 1500 kW. Le mod\u00e8le dispose un syst\u00e8me d&#8217;injection d&#8217;eau de cale en standard.<\/p>\n","protected":false},"featured_media":7324,"comment_status":"open","ping_status":"closed","template":"","meta":[],"product_cat":[],"product_tag":[],"_links":{"self":[{"href":"https:\/\/centralconsulting.africa\/index.php\/wp-json\/wp\/v2\/product\/7323"}],"collection":[{"href":"https:\/\/centralconsulting.africa\/index.php\/wp-json\/wp\/v2\/product"}],"about":[{"href":"https:\/\/centralconsulting.africa\/index.php\/wp-json\/wp\/v2\/types\/product"}],"replies":[{"embeddable":true,"href":"https:\/\/centralconsulting.africa\/index.php\/wp-json\/wp\/v2\/comments?post=7323"}],"wp:featuredmedia":[{"embeddable":true,"href":"https:\/\/centralconsulting.africa\/index.php\/wp-json\/wp\/v2\/media\/7324"}],"wp:attachment":[{"href":"https:\/\/centralconsulting.africa\/index.php\/wp-json\/wp\/v2\/media?parent=7323"}],"wp:term":[{"taxonomy":"product_cat","embeddable":true,"href":"https:\/\/centralconsulting.africa\/index.php\/wp-json\/wp\/v2\/product_cat?post=7323"},{"taxonomy":"product_tag","embeddable":true,"href":"https:\/\/centralconsulting.africa\/index.php\/wp-json\/wp\/v2\/product_tag?post=7323"}],"curies":[{"name":"wp","href":"https:\/\/api.w.org\/{rel}","templated":true}]}}