{"id":7317,"date":"2023-07-03T15:41:48","date_gmt":"2023-07-03T15:41:48","guid":{"rendered":"https:\/\/centralconsulting.africa\/?post_type=product&#038;p=7317"},"modified":"2023-07-03T15:41:49","modified_gmt":"2023-07-03T15:41:49","slug":"incinerateur-marin-og200c","status":"publish","type":"product","link":"https:\/\/centralconsulting.africa\/index.php\/product\/incinerateur-marin-og200c\/","title":{"rendered":"INCIN\u00c9RATEUR MARIN OG200C"},"content":{"rendered":"","protected":false},"excerpt":{"rendered":"<p>Avec sa conception robuste et compacte et ses performances \u00e9lev\u00e9es, l&#8217;incin\u00e9rateur marin OG200C est l&#8217;un de nos mod\u00e8les les plus populaires et un premier choix \u00e9vident pour r\u00e9soudre le probl\u00e8me du traitement des d\u00e9chets \u00e0 bord des navires de taille moyenne.<\/p>\n","protected":false},"featured_media":7318,"comment_status":"open","ping_status":"closed","template":"","meta":[],"product_cat":[],"product_tag":[],"_links":{"self":[{"href":"https:\/\/centralconsulting.africa\/index.php\/wp-json\/wp\/v2\/product\/7317"}],"collection":[{"href":"https:\/\/centralconsulting.africa\/index.php\/wp-json\/wp\/v2\/product"}],"about":[{"href":"https:\/\/centralconsulting.africa\/index.php\/wp-json\/wp\/v2\/types\/product"}],"replies":[{"embeddable":true,"href":"https:\/\/centralconsulting.africa\/index.php\/wp-json\/wp\/v2\/comments?post=7317"}],"wp:featuredmedia":[{"embeddable":true,"href":"https:\/\/centralconsulting.africa\/index.php\/wp-json\/wp\/v2\/media\/7318"}],"wp:attachment":[{"href":"https:\/\/centralconsulting.africa\/index.php\/wp-json\/wp\/v2\/media?parent=7317"}],"wp:term":[{"taxonomy":"product_cat","embeddable":true,"href":"https:\/\/centralconsulting.africa\/index.php\/wp-json\/wp\/v2\/product_cat?post=7317"},{"taxonomy":"product_tag","embeddable":true,"href":"https:\/\/centralconsulting.africa\/index.php\/wp-json\/wp\/v2\/product_tag?post=7317"}],"curies":[{"name":"wp","href":"https:\/\/api.w.org\/{rel}","templated":true}]}}