{"id":7315,"date":"2023-07-03T15:33:27","date_gmt":"2023-07-03T15:33:27","guid":{"rendered":"https:\/\/centralconsulting.africa\/?post_type=product&#038;p=7315"},"modified":"2023-07-03T15:33:27","modified_gmt":"2023-07-03T15:33:27","slug":"traitement-des-dechets-a-bord-des-navires","status":"publish","type":"product","link":"https:\/\/centralconsulting.africa\/index.php\/product\/traitement-des-dechets-a-bord-des-navires\/","title":{"rendered":"TRAITEMENT DES D\u00c9CHETS \u00c0 BORD DES NAVIRES"},"content":{"rendered":"<p>INCIN\u00c9RATEUR MARIN OG120C<br \/>\nLe plus petit incin\u00e9rateur de notre gamme. Son design robuste et compact et ses performances \u00e9lev\u00e9es font de l&#8217;incin\u00e9rateur OG120C un premier choix \u00e9vident pour le traitement des d\u00e9chets \u00e0 bord des petits et navires de taille moyenne.<\/p>\n","protected":false},"excerpt":{"rendered":"<p>Les incin\u00e9rateurs TeamTec sont la solution parfaite pour le traitement des d\u00e9chets \u00e0 bord des navires, des unit\u00e9s offshore et des installations onshore. Notre vaste gamme de mod\u00e8les et de versions couvre des capacit\u00e9s allant de 190 000 kcal \/ h \u00e0 1 290 000 kcal \/ h. L\u2019incin\u00e9ration des d\u00e9chets liquides et solides est consid\u00e9r\u00e9e comme une m\u00e9thode de gestion des d\u00e9chets respectueuse de l\u2019environnement.<\/p>\n<p>L\u2019incin\u00e9ration \u00e0 bord avec gestion locale des huiles de boues et des d\u00e9chets solides est tr\u00e8s appr\u00e9ci\u00e9e et recommand\u00e9e par l\u2019Organisation maritime internationale (OMI) et toutes les soci\u00e9t\u00e9s de classe. Les incin\u00e9rateurs TeamTec sont informatis\u00e9s (PLC) pour rendre l\u2019utilisation quotidienne simple, automatis\u00e9e et s\u00fbre pour l\u2019utilisateur sur une longue dur\u00e9e de vie du produit, et en garantissant toujours la conformit\u00e9 aux r\u00e9glementations de l\u2019OMI. Nos incin\u00e9rateurs sont \u00e9galement parfaits pour le traitement des d\u00e9chets dans les installations \u00e0 terre, en particulier dans les zones recul\u00e9es. Nous avons fourni des incin\u00e9rateurs TeamTec \u00e0 des centrales \u00e9lectriques, des mines, des complexes h\u00f4teliers et des unit\u00e9s militaires dans le monde entier. Veuillez noter que les r\u00e9glementations locales peuvent diff\u00e9rer des r\u00e9glementations maritimes. Tous les mod\u00e8les fonctionnent \u00e0 une temp\u00e9rature \u00e9lev\u00e9e pour permettre une grande capacit\u00e9 de combustion des d\u00e9chets liquides et solides, et malgr\u00e9 cela, ont de petites dimensions.<\/p>\n","protected":false},"featured_media":7316,"comment_status":"open","ping_status":"closed","template":"","meta":[],"product_cat":[],"product_tag":[],"_links":{"self":[{"href":"https:\/\/centralconsulting.africa\/index.php\/wp-json\/wp\/v2\/product\/7315"}],"collection":[{"href":"https:\/\/centralconsulting.africa\/index.php\/wp-json\/wp\/v2\/product"}],"about":[{"href":"https:\/\/centralconsulting.africa\/index.php\/wp-json\/wp\/v2\/types\/product"}],"replies":[{"embeddable":true,"href":"https:\/\/centralconsulting.africa\/index.php\/wp-json\/wp\/v2\/comments?post=7315"}],"wp:featuredmedia":[{"embeddable":true,"href":"https:\/\/centralconsulting.africa\/index.php\/wp-json\/wp\/v2\/media\/7316"}],"wp:attachment":[{"href":"https:\/\/centralconsulting.africa\/index.php\/wp-json\/wp\/v2\/media?parent=7315"}],"wp:term":[{"taxonomy":"product_cat","embeddable":true,"href":"https:\/\/centralconsulting.africa\/index.php\/wp-json\/wp\/v2\/product_cat?post=7315"},{"taxonomy":"product_tag","embeddable":true,"href":"https:\/\/centralconsulting.africa\/index.php\/wp-json\/wp\/v2\/product_tag?post=7315"}],"curies":[{"name":"wp","href":"https:\/\/api.w.org\/{rel}","templated":true}]}}