{"id":7310,"date":"2023-07-03T14:47:45","date_gmt":"2023-07-03T14:47:45","guid":{"rendered":"https:\/\/centralconsulting.africa\/?post_type=product&#038;p=7310"},"modified":"2023-07-03T14:47:45","modified_gmt":"2023-07-03T14:47:45","slug":"ecrans-pare-soleil-martimes","status":"publish","type":"product","link":"https:\/\/centralconsulting.africa\/index.php\/product\/ecrans-pare-soleil-martimes\/","title":{"rendered":"ECRANS PARE-SOLEIL MARTIMES"},"content":{"rendered":"<p>ECRANS PARE-SOLEIL ANTI-\u00c9BLOUISSEMENT<br \/>\nLes \u00e9crans pare-soleil \/ stores SOLASAFE \u00ae transparents anti-\u00e9blouissement sont log\u00e9s dans une cassette en aluminium anodis\u00e9 pour une performance et une protection maximales.<\/p>\n<p>Les \u00e9crans pare-soleil anti-\u00e9blouissement SOLASAFE \u00ae, constituent une marque qui \u00e0 \u00e9t\u00e9 la premi\u00e8re approuv\u00e9 au monde en tant qu\u2019\u00e9cran solaire marin, par ABS et DNV-GL.<\/p>\n","protected":false},"excerpt":{"rendered":"<p>La soci\u00e9t\u00e9 SOLAR SOLVE Marine a mis au point une gamme d\u2019\u00e9crans solaires maritimes SOLASAFE\u00ae \u00e0 rouleau ayant des propri\u00e9t\u00e9s antireflets anti-\u00e9blouissements indispensables pour assurer un confort et une s\u00e9curit\u00e9 sur vos navires.<\/p>\n<p>Les \u00e9crans SOLASAFE\u00ae sont des \u00e9crans solaires haute performance pour les navires, les tours de contr\u00f4le de circulations a\u00e9rienne, les installations p\u00e9troli\u00e8re, les cabines de grues, les tours VTC et bien d\u2019autre utilisations commerciales et industrielles.<\/p>\n","protected":false},"featured_media":7311,"comment_status":"open","ping_status":"closed","template":"","meta":[],"product_cat":[],"product_tag":[],"_links":{"self":[{"href":"https:\/\/centralconsulting.africa\/index.php\/wp-json\/wp\/v2\/product\/7310"}],"collection":[{"href":"https:\/\/centralconsulting.africa\/index.php\/wp-json\/wp\/v2\/product"}],"about":[{"href":"https:\/\/centralconsulting.africa\/index.php\/wp-json\/wp\/v2\/types\/product"}],"replies":[{"embeddable":true,"href":"https:\/\/centralconsulting.africa\/index.php\/wp-json\/wp\/v2\/comments?post=7310"}],"wp:featuredmedia":[{"embeddable":true,"href":"https:\/\/centralconsulting.africa\/index.php\/wp-json\/wp\/v2\/media\/7311"}],"wp:attachment":[{"href":"https:\/\/centralconsulting.africa\/index.php\/wp-json\/wp\/v2\/media?parent=7310"}],"wp:term":[{"taxonomy":"product_cat","embeddable":true,"href":"https:\/\/centralconsulting.africa\/index.php\/wp-json\/wp\/v2\/product_cat?post=7310"},{"taxonomy":"product_tag","embeddable":true,"href":"https:\/\/centralconsulting.africa\/index.php\/wp-json\/wp\/v2\/product_tag?post=7310"}],"curies":[{"name":"wp","href":"https:\/\/api.w.org\/{rel}","templated":true}]}}