{"id":7306,"date":"2023-07-03T14:30:07","date_gmt":"2023-07-03T14:30:07","guid":{"rendered":"https:\/\/centralconsulting.africa\/?post_type=product&#038;p=7306"},"modified":"2023-07-03T14:30:07","modified_gmt":"2023-07-03T14:30:07","slug":"bollards","status":"publish","type":"product","link":"https:\/\/centralconsulting.africa\/index.php\/product\/bollards\/","title":{"rendered":"BOLLARDS"},"content":{"rendered":"","protected":false},"excerpt":{"rendered":"<p>Les bornes doubles Fairtrans sont produites selon la norme DIN 82607. La double borne est munie de deux ar\u00eates pour emp\u00eacher la corde de bouger. Une patte d\u2019arr\u00eat a \u00e9t\u00e9 install\u00e9e pour l\u2019application d\u2019un arr\u00eat de corde. Les tubes p\u00e9n\u00e8trent la plaque de base et des plaques de renfort ont \u00e9t\u00e9 install\u00e9es dans la base de la borne. Par cons\u00e9quent, la construction des fondations des bornes n\u2019a pas \u00e0 p\u00e9n\u00e9trer le pont.<\/p>\n<p>Sp\u00e9cifications techniques<br \/>\nSur demande, des bornes sur mesure peuvent \u00eatre con\u00e7ues, par exemple, des bornes simples et doubles cruciformes (DIN 82603\/82610). En outre, des types plus grands que ceux couverts par DIN peuvent \u00eatre fournis. Les bornes peuvent \u00e9galement \u00eatre livr\u00e9es en combinaison avec le rouleau de d\u00e9formation Fairtrans.<\/p>\n","protected":false},"featured_media":7307,"comment_status":"open","ping_status":"closed","template":"","meta":[],"product_cat":[],"product_tag":[],"_links":{"self":[{"href":"https:\/\/centralconsulting.africa\/index.php\/wp-json\/wp\/v2\/product\/7306"}],"collection":[{"href":"https:\/\/centralconsulting.africa\/index.php\/wp-json\/wp\/v2\/product"}],"about":[{"href":"https:\/\/centralconsulting.africa\/index.php\/wp-json\/wp\/v2\/types\/product"}],"replies":[{"embeddable":true,"href":"https:\/\/centralconsulting.africa\/index.php\/wp-json\/wp\/v2\/comments?post=7306"}],"wp:featuredmedia":[{"embeddable":true,"href":"https:\/\/centralconsulting.africa\/index.php\/wp-json\/wp\/v2\/media\/7307"}],"wp:attachment":[{"href":"https:\/\/centralconsulting.africa\/index.php\/wp-json\/wp\/v2\/media?parent=7306"}],"wp:term":[{"taxonomy":"product_cat","embeddable":true,"href":"https:\/\/centralconsulting.africa\/index.php\/wp-json\/wp\/v2\/product_cat?post=7306"},{"taxonomy":"product_tag","embeddable":true,"href":"https:\/\/centralconsulting.africa\/index.php\/wp-json\/wp\/v2\/product_tag?post=7306"}],"curies":[{"name":"wp","href":"https:\/\/api.w.org\/{rel}","templated":true}]}}