{"id":7302,"date":"2023-07-03T14:25:22","date_gmt":"2023-07-03T14:25:22","guid":{"rendered":"https:\/\/centralconsulting.africa\/?post_type=product&#038;p=7302"},"modified":"2023-07-03T14:25:22","modified_gmt":"2023-07-03T14:25:22","slug":"chaumards-simples","status":"publish","type":"product","link":"https:\/\/centralconsulting.africa\/index.php\/product\/chaumards-simples\/","title":{"rendered":"CHAUMARDS SIMPLES"},"content":{"rendered":"","protected":false},"excerpt":{"rendered":"<p>Les chaumards simples THR sont con\u00e7us pour la manipulation d\u2019une seule corde. Ils peuvent \u00eatre soud\u00e9s soit dans le pavois, soit directement sur le pont. Tous les chaumards THR sont constitu\u00e9s de rouleaux avec un roulement en acier bronze et une lubrification \u00e0 la graisse. Outre les types standard, des chaumards sur mesure peuvent \u00e9galement \u00eatre con\u00e7us. Sur demande et en consultation, THR con\u00e7oit des chaumards avec diff\u00e9rentes mesures, roulements ou poids ainsi que des types conformes aux r\u00e9glementations OCIMF.<\/p>\n<p>Sp\u00e9cifications techniques<br \/>\nPour s\u2019adapter aux angles extr\u00eames int\u00e9rieurs et ext\u00e9rieurs des amarres, il peut \u00eatre n\u00e9cessaire de modifier le guide-c\u00e2ble simple (FA) de base en ajoutant des rouleaux verticaux. Les options incluent l\u2019ajout d\u2019un rouleau suppl\u00e9mentaire sur le c\u00f4t\u00e9 gauche ou droit du guide-c\u00e2ble, ou les deux. De plus, il est possible d\u2019\u00e9tendre le chaumard simple de base (FA) avec un rouleau horizontal suppl\u00e9mentaire (FA-G). Ce type peut \u00e9galement \u00eatre combin\u00e9 avec n\u2019importe laquelle des combinaisons possibles de rouleaux verticaux suppl\u00e9mentaires.<\/p>\n","protected":false},"featured_media":7303,"comment_status":"open","ping_status":"closed","template":"","meta":[],"product_cat":[],"product_tag":[],"_links":{"self":[{"href":"https:\/\/centralconsulting.africa\/index.php\/wp-json\/wp\/v2\/product\/7302"}],"collection":[{"href":"https:\/\/centralconsulting.africa\/index.php\/wp-json\/wp\/v2\/product"}],"about":[{"href":"https:\/\/centralconsulting.africa\/index.php\/wp-json\/wp\/v2\/types\/product"}],"replies":[{"embeddable":true,"href":"https:\/\/centralconsulting.africa\/index.php\/wp-json\/wp\/v2\/comments?post=7302"}],"wp:featuredmedia":[{"embeddable":true,"href":"https:\/\/centralconsulting.africa\/index.php\/wp-json\/wp\/v2\/media\/7303"}],"wp:attachment":[{"href":"https:\/\/centralconsulting.africa\/index.php\/wp-json\/wp\/v2\/media?parent=7302"}],"wp:term":[{"taxonomy":"product_cat","embeddable":true,"href":"https:\/\/centralconsulting.africa\/index.php\/wp-json\/wp\/v2\/product_cat?post=7302"},{"taxonomy":"product_tag","embeddable":true,"href":"https:\/\/centralconsulting.africa\/index.php\/wp-json\/wp\/v2\/product_tag?post=7302"}],"curies":[{"name":"wp","href":"https:\/\/api.w.org\/{rel}","templated":true}]}}