{"id":7300,"date":"2023-07-03T14:22:18","date_gmt":"2023-07-03T14:22:18","guid":{"rendered":"https:\/\/centralconsulting.africa\/?post_type=product&#038;p=7300"},"modified":"2023-07-03T14:22:19","modified_gmt":"2023-07-03T14:22:19","slug":"rouleaux-de-deformation","status":"publish","type":"product","link":"https:\/\/centralconsulting.africa\/index.php\/product\/rouleaux-de-deformation\/","title":{"rendered":"ROULEAUX DE D\u00c9FORMATION"},"content":{"rendered":"","protected":false},"excerpt":{"rendered":"<p>Les rouleaux de d\u00e9formation THR standard sont fournis avec un palier en bronze polyamide selon DIN 81906. De plus, les rouleaux de d\u00e9formation peuvent \u00eatre livr\u00e9s sur une douille (DIN 81907) avec des hauteurs en option. Outre la douille cylindrique standard, d\u2019autres options telles que des douilles carr\u00e9es, coniques ou sur mesure sont disponibles. Les rouleaux sur une douille peuvent \u00eatre \u00e9quip\u00e9s d\u2019une pi\u00e8ce qui emp\u00eache la ligne d\u2019amarrage de chuter lorsque la tension sur la ligne se rel\u00e2che.<\/p>\n<p>Sp\u00e9cifications techniques<br \/>\nSELON DIN 81906<br \/>\nDOUILLES CYLINDRIQUES, CARR\u00c9ES, CONIQUES OU SUR MESURE<\/p>\n","protected":false},"featured_media":7301,"comment_status":"open","ping_status":"closed","template":"","meta":[],"product_cat":[],"product_tag":[],"_links":{"self":[{"href":"https:\/\/centralconsulting.africa\/index.php\/wp-json\/wp\/v2\/product\/7300"}],"collection":[{"href":"https:\/\/centralconsulting.africa\/index.php\/wp-json\/wp\/v2\/product"}],"about":[{"href":"https:\/\/centralconsulting.africa\/index.php\/wp-json\/wp\/v2\/types\/product"}],"replies":[{"embeddable":true,"href":"https:\/\/centralconsulting.africa\/index.php\/wp-json\/wp\/v2\/comments?post=7300"}],"wp:featuredmedia":[{"embeddable":true,"href":"https:\/\/centralconsulting.africa\/index.php\/wp-json\/wp\/v2\/media\/7301"}],"wp:attachment":[{"href":"https:\/\/centralconsulting.africa\/index.php\/wp-json\/wp\/v2\/media?parent=7300"}],"wp:term":[{"taxonomy":"product_cat","embeddable":true,"href":"https:\/\/centralconsulting.africa\/index.php\/wp-json\/wp\/v2\/product_cat?post=7300"},{"taxonomy":"product_tag","embeddable":true,"href":"https:\/\/centralconsulting.africa\/index.php\/wp-json\/wp\/v2\/product_tag?post=7300"}],"curies":[{"name":"wp","href":"https:\/\/api.w.org\/{rel}","templated":true}]}}