{"id":7296,"date":"2023-07-03T14:13:33","date_gmt":"2023-07-03T14:13:33","guid":{"rendered":"https:\/\/centralconsulting.africa\/?post_type=product&#038;p=7296"},"modified":"2023-07-03T14:13:33","modified_gmt":"2023-07-03T14:13:33","slug":"une-gamme-complete-dequipements-maritimes","status":"publish","type":"product","link":"https:\/\/centralconsulting.africa\/index.php\/product\/une-gamme-complete-dequipements-maritimes\/","title":{"rendered":"UNE GAMME COMPL\u00c8TE D\u2019\u00c9QUIPEMENTS MARITIMES"},"content":{"rendered":"","protected":false},"excerpt":{"rendered":"<p>SEC Fairtrans Mooring Equipment est un nom commercial de divers types d\u2019\u00e9quipements d\u2019amarrage produits et livr\u00e9s par SEC. Les cales, les rouleaux de d\u00e9formation, les doubles bornes et les chaumards font tous partie de cette gamme de produits. Selon vos besoins, SEC vous propose une large gamme d\u2019\u00e9quipements d\u2019amarrage standard, dont la plupart sont en stock et peuvent \u00eatre livr\u00e9s imm\u00e9diatement, grenaill\u00e9s et avec une couche d\u2019appr\u00eat d\u2019atelier.<\/p>\n<p>SEC fournit presque tous les types d\u2019\u00e9quipements d\u2019amarrage demand\u00e9s pour chaque type de navire. Les avantages de l\u2019\u00e9quipement d\u2019amarrage SEC Fairtrans pour les armateurs sont nombreux. Par exemple, les rouleaux de d\u00e9formation sont livr\u00e9s sans entretien en standard. Les chaumards peuvent \u00e9galement \u00eatre livr\u00e9s en option dans une version sans entretien.<\/p>\n","protected":false},"featured_media":7297,"comment_status":"open","ping_status":"closed","template":"","meta":[],"product_cat":[],"product_tag":[],"_links":{"self":[{"href":"https:\/\/centralconsulting.africa\/index.php\/wp-json\/wp\/v2\/product\/7296"}],"collection":[{"href":"https:\/\/centralconsulting.africa\/index.php\/wp-json\/wp\/v2\/product"}],"about":[{"href":"https:\/\/centralconsulting.africa\/index.php\/wp-json\/wp\/v2\/types\/product"}],"replies":[{"embeddable":true,"href":"https:\/\/centralconsulting.africa\/index.php\/wp-json\/wp\/v2\/comments?post=7296"}],"wp:featuredmedia":[{"embeddable":true,"href":"https:\/\/centralconsulting.africa\/index.php\/wp-json\/wp\/v2\/media\/7297"}],"wp:attachment":[{"href":"https:\/\/centralconsulting.africa\/index.php\/wp-json\/wp\/v2\/media?parent=7296"}],"wp:term":[{"taxonomy":"product_cat","embeddable":true,"href":"https:\/\/centralconsulting.africa\/index.php\/wp-json\/wp\/v2\/product_cat?post=7296"},{"taxonomy":"product_tag","embeddable":true,"href":"https:\/\/centralconsulting.africa\/index.php\/wp-json\/wp\/v2\/product_tag?post=7296"}],"curies":[{"name":"wp","href":"https:\/\/api.w.org\/{rel}","templated":true}]}}