{"id":7294,"date":"2023-07-03T14:03:10","date_gmt":"2023-07-03T14:03:10","guid":{"rendered":"https:\/\/centralconsulting.africa\/?post_type=product&#038;p=7294"},"modified":"2023-07-03T14:03:10","modified_gmt":"2023-07-03T14:03:10","slug":"les-ancres-thr-pool","status":"publish","type":"product","link":"https:\/\/centralconsulting.africa\/index.php\/product\/les-ancres-thr-pool\/","title":{"rendered":"LES ANCRES THR POOL\u00ae"},"content":{"rendered":"<p>THR est un partenaire pour votre \u00e9quipage. C\u2019est pourquoi nous sommes en mesure de livrer litt\u00e9ralement chaque pi\u00e8ce d\u2019\u00e9quipement d\u2019amarrage. Pourquoi nos ing\u00e9nieurs sont heureux de vous aider \u00e0 d\u00e9terminer la configuration id\u00e9ale sur le pont. C\u2019est la seule fa\u00e7on dont nous pouvons assurer la qualit\u00e9 au niveau que vous attendez de nous.<\/p>\n<p>Les ancres THR POOL\u00ae originales sont le r\u00e9sultat de si\u00e8cles de d\u00e9veloppement d\u2019ancres de navire, qui ont commenc\u00e9 avec l\u2019ancienne ancre de stock bien connue. Suite aux demandes des marins pour une meilleure tractabilit\u00e9 de l\u2019ancre, l\u2019ancre d\u2019\u00e9trave sans stock, encore fr\u00e9quemment utilis\u00e9e, a \u00e9t\u00e9 d\u00e9velopp\u00e9e.<\/p>\n<p>Au cours des derni\u00e8res d\u00e9cennies, les ancres de navire dites haute puissance de maintien (HHP) et super haute puissance de maintien (SHHP) ont \u00e9t\u00e9 d\u00e9velopp\u00e9es en raison du besoin de plus de fiabilit\u00e9 et de poids. Les principaux types de ces ancres sont les ancres POOL\u00ae. THR a plus de 40 ans d\u2019exp\u00e9rience et de connaissance de l\u2019ancrage POOL\u00ae, ce qui fait de THR un partenaire fiable, aujourd\u2019hui comme demain.<\/p>\n<p>Afin d\u2019obtenir l\u2019homologation de type pour une puissance de r\u00e9tention \u00e9lev\u00e9e, l\u2019ancre doit prouver qu\u2019elle a une capacit\u00e9 de r\u00e9tention d\u2019au moins deux fois la capacit\u00e9 de r\u00e9tention d\u2019une ancre conventionnelle de m\u00eame poids lors d\u2019essais en mer \u00e0 grande \u00e9chelle. Le pr\u00e9dicat HHP permet une r\u00e9duction de poids de 25% par rapport \u00e0 une ancre conventionnelle pour le m\u00eame num\u00e9ro d\u2019\u00e9quipement.<\/p>\n<p>Une caract\u00e9ristique comparative importante est la t\u00eate d\u2019ancrage sur-\u00e9quilibr\u00e9e de presque tous les types d\u2019ancrage POOL\u00ae. Le centre de gravit\u00e9 de ces ancres se trouve sous l\u2019essieu. En cons\u00e9quence, les douves sont toujours verticales tout en soulevant l\u2019ancre.<\/p>\n<p>Contrairement \u00e0 la plupart des autres ancres pour navires, coul\u00e9es ou forg\u00e9es, les ancres POOL\u00ae sont fabriqu\u00e9es \u00e0 partir de t\u00f4les d\u2019acier soud\u00e9es \u00e0 haute r\u00e9sistance. Normalement, l\u2019ancre est reli\u00e9e au navire au moyen d\u2019une cha\u00eene ou d\u2019un fil d\u2019acier (et d\u2019un pr\u00e9curseur de cha\u00eene).<\/p>\n<p>Bien s\u00fbr, THR peut vous fournir la sp\u00e9cification compl\u00e8te de la cha\u00eene avec l\u2019ancre. Pour ce faire, une consultation avec la SEC est n\u00e9cessaire. C\u2019est pourquoi il est important de pr\u00eater attention \u00e0 la fa\u00e7on dont l\u2019ancre et la cha\u00eene sont connect\u00e9es entre elles d\u2019un c\u00f4t\u00e9, et \u00e0 la fa\u00e7on dont la cha\u00eene est connect\u00e9e au navire de l\u2019autre c\u00f4t\u00e9.<\/p>\n<p>ANCRE HHP-POOL TW<br \/>\nBien que toutes les ancres POOL\u00ae aient une capacit\u00e9 de maintien \u00e9lev\u00e9e, l\u2019ancrage POOL\u00ae TW montre le mieux la combinaison de puissance de maintien et de surface fluke. L\u2019ancre est dot\u00e9e de larges douves plates en mat\u00e9riau en t\u00f4le d\u2019acier \u00e0 haute r\u00e9sistance. L\u2019\u00e9paisseur varie de 15 mm \u00e0 140 mm (selon la taille de l\u2019ancrage). Les pointes extr\u00eames et les bords int\u00e9rieurs des douves sont aff\u00fbt\u00e9s afin de leur permettre de creuser facilement. Pour emp\u00eacher l\u2019ancrage de p\u00e9n\u00e9trer trop profond\u00e9ment, l\u2019ancrage POOL\u00ae TW est \u00e9quip\u00e9 de plaques de couronne.<\/p>\n<p>Un r\u00e9sultat int\u00e9ressant de cette conception est qu\u2019une force relativement faible dans la direction transversale est n\u00e9cessaire pour soulever l\u2019ancre. Comme la plupart des ancres POOL\u00ae, l\u2019ancre POOL\u00ae TW est aussi enti\u00e8rement \u00e9quilibr\u00e9e disponible. Ceci permet \u00e0 l\u2019ancre d\u2019\u00eatre rang\u00e9e sans \u00e0-coup l\u2019ex\u00e9cution enti\u00e8rement \u00e9quilibr\u00e9e dans une poche d\u2019ancre.<\/p>\n<p>Sp\u00e9cifications techniques<br \/>\nFAIBLE FORCE DE RUPTURE<br \/>\nCR\u00c9ATION RAPIDE \u00c0 UN DRAG MINIMUM<br \/>\nLARGE FLUKE AREA<br \/>\nR\u00c9PARABLE<\/p>\n","protected":false},"excerpt":{"rendered":"<p>Plus de performances pour moins de poids rendent le travail avec les ancres POOL\u00ae originales efficace et confortable. Toutes les ancres POOL\u00ae sont faciles \u00e0 manipuler. L\u2019\u00e9quipage fait gagner du temps car les ancres sont \u00e9quilibr\u00e9es; les dommages \u00e0 la coque sont r\u00e9duits au minimum et les ancres peuvent \u00eatre facilement tir\u00e9es dans les poches. Les ancres POOL\u00ae sont disponibles de 8 \u00e0 26 000 kilogrammes. Tous les types sont qualifi\u00e9s d\u2019ancre \u00e0 haute tenue \u2013 vous b\u00e9n\u00e9ficiez d\u2019une \u00e9conomie de poids de 25% par rapport \u00e0 une ancre conventionnelle.<\/p>\n","protected":false},"featured_media":7295,"comment_status":"open","ping_status":"closed","template":"","meta":[],"product_cat":[],"product_tag":[],"_links":{"self":[{"href":"https:\/\/centralconsulting.africa\/index.php\/wp-json\/wp\/v2\/product\/7294"}],"collection":[{"href":"https:\/\/centralconsulting.africa\/index.php\/wp-json\/wp\/v2\/product"}],"about":[{"href":"https:\/\/centralconsulting.africa\/index.php\/wp-json\/wp\/v2\/types\/product"}],"replies":[{"embeddable":true,"href":"https:\/\/centralconsulting.africa\/index.php\/wp-json\/wp\/v2\/comments?post=7294"}],"wp:featuredmedia":[{"embeddable":true,"href":"https:\/\/centralconsulting.africa\/index.php\/wp-json\/wp\/v2\/media\/7295"}],"wp:attachment":[{"href":"https:\/\/centralconsulting.africa\/index.php\/wp-json\/wp\/v2\/media?parent=7294"}],"wp:term":[{"taxonomy":"product_cat","embeddable":true,"href":"https:\/\/centralconsulting.africa\/index.php\/wp-json\/wp\/v2\/product_cat?post=7294"},{"taxonomy":"product_tag","embeddable":true,"href":"https:\/\/centralconsulting.africa\/index.php\/wp-json\/wp\/v2\/product_tag?post=7294"}],"curies":[{"name":"wp","href":"https:\/\/api.w.org\/{rel}","templated":true}]}}