{"id":7292,"date":"2023-07-03T13:57:28","date_gmt":"2023-07-03T13:57:28","guid":{"rendered":"https:\/\/centralconsulting.africa\/?post_type=product&#038;p=7292"},"modified":"2023-07-03T13:58:35","modified_gmt":"2023-07-03T13:58:35","slug":"ancrage-amarrage-ou-remorquage","status":"publish","type":"product","link":"https:\/\/centralconsulting.africa\/index.php\/product\/ancrage-amarrage-ou-remorquage\/","title":{"rendered":"ANCRAGE, AMARRAGE OU REMORQUAGE"},"content":{"rendered":"<p>TREUILS D\u2019ANCRAGE<br \/>\nLes treuils d\u2019ancrage THR Marine d\u00e9passent simplement les exigences des soci\u00e9t\u00e9s de classification les plus importantes. Notre gamme comprend des diam\u00e8tres de cha\u00eene de 17,5 \u00e0 114 millim\u00e8tres. Chaque treuil d\u2019ancre peut \u00eatre fourni avec une t\u00e9l\u00e9commande, une t\u00e9l\u00e9commande de largage d\u2019ancre et \/ ou un compteur de longueur de cha\u00eene. Il existe \u00e9galement de nombreuses autres options; nous serions heureux d\u2019entendre vos besoins.<\/p>\n<p>Si vous avez besoin d\u2019une s\u00e9curit\u00e9 suppl\u00e9mentaire, combinez nos treuils d\u2019ancrage avec notre but\u00e9e de cha\u00eene \u00e0 rouleaux \u00e0 cliquet qui arr\u00eate automatiquement la cha\u00eene en cas de glissement accidentel.<\/p>\n<p>Des treuils d\u2019ancre peuvent \u00e9galement \u00eatre fournis comme cabestan.<\/p>\n<p>TREUILS D\u2019AMARRAGE<br \/>\nPlus les amarres du navire sont lisses, mieux c\u2019est pour la s\u00e9curit\u00e9 de l\u2019\u00e9quipage, la cargaison et pour l\u2019efficacit\u00e9. Raison pour laquelle vous ne voudriez rien d\u2019autre qu\u2019un treuil d\u2019amarrage THR Marine.<\/p>\n<p>Nos treuils d\u2019amarrage sont con\u00e7us pour atteindre des forces de traction de 3 \u00e0 50 tonnes. Il existe diff\u00e9rentes options, y compris l\u2019auto-tension (la ligne d\u2019amarrage reste tendue ind\u00e9pendamment de la mar\u00e9e et du chargement et du d\u00e9chargement), la t\u00e9l\u00e9commande et des installations qui r\u00e9pondent aux exigences strictes de l\u2019OCIMF.<\/p>\n<p>Des treuils d\u2019amarrage peuvent \u00e9galement \u00eatre fournis comme cabestan d\u2019ancre.<\/p>\n<p>TREUILS DE REMORQUAGE<br \/>\nTHR propose une gamme \u00e9tendue de syst\u00e8mes de treuils de remorquage. La soci\u00e9t\u00e9 fournit un nombre incalculable de treuils de remorquage \u00e9quip\u00e9s d\u2019un seul tambour, c\u00f4te \u00e0 c\u00f4te de la cascade, entra\u00een\u00e9s hydrauliquement, entra\u00een\u00e9s par un convertisseur diesel \/ couple ou par des moteurs \u00e9lectriques \u00e0 fr\u00e9quence avec t\u00eates de d\u00e9formation, \u00e9l\u00e9vateurs de cha\u00eene, engrenages de bobinage, mesure de longueur et de traction de ligne, syst\u00e8mes de tension de ligne constante, etc.<\/p>\n<p>Nous fournissons des treuils de remorquage jusqu\u2019\u00e0 300 tonnes de force de traction \u00e0 la vitesse la plus \u00e9lev\u00e9e. La soci\u00e9t\u00e9 a brevet\u00e9 des syst\u00e8mes de virage dynamique enti\u00e8rement proportionnels pour les treuils de remorquage (oc\u00e9an) \u00e0 des tractions jusqu\u2019\u00e0 100 tonnes et des vitesses sup\u00e9rieures \u00e0 100 m \/ min, cette vitesse de virage maximale autoris\u00e9e est enti\u00e8rement proportionnelle et r\u00e9glable.<\/p>\n<p>Sp\u00e9cifications techniques<br \/>\nTIRER DES FORCES JUSQU\u2019\u00c0 100 TONNES<br \/>\nMAINTIEN DES FREINS JUSQU\u2019\u00c0 250 TONNES<br \/>\nPERSONNALISATION DES TAILLES DE TAMBOUR<br \/>\nENTRA\u00ceNEMENT \u00c9LECTRIQUE OU HYDRAULIQUE<br \/>\nTAMBOUR DE FREIN EN ACIER INOXYDABLE<br \/>\nPOSSIBILIT\u00c9S DE RENDU \/ DE R\u00c9CUP\u00c9RATION<\/p>\n","protected":false},"excerpt":{"rendered":"<p>THR Marine construit un treuil pour chaque usage. Il va sans dire qu\u2019un syst\u00e8me d\u2019amarrage complet est \u00e9galement disponible. Nous avons plusieurs options d\u2019entra\u00eenement, y compris le syst\u00e8me \u00e0 fr\u00e9quence unique avec contr\u00f4le direct du couple.<\/p>\n","protected":false},"featured_media":7293,"comment_status":"open","ping_status":"closed","template":"","meta":[],"product_cat":[],"product_tag":[],"_links":{"self":[{"href":"https:\/\/centralconsulting.africa\/index.php\/wp-json\/wp\/v2\/product\/7292"}],"collection":[{"href":"https:\/\/centralconsulting.africa\/index.php\/wp-json\/wp\/v2\/product"}],"about":[{"href":"https:\/\/centralconsulting.africa\/index.php\/wp-json\/wp\/v2\/types\/product"}],"replies":[{"embeddable":true,"href":"https:\/\/centralconsulting.africa\/index.php\/wp-json\/wp\/v2\/comments?post=7292"}],"wp:featuredmedia":[{"embeddable":true,"href":"https:\/\/centralconsulting.africa\/index.php\/wp-json\/wp\/v2\/media\/7293"}],"wp:attachment":[{"href":"https:\/\/centralconsulting.africa\/index.php\/wp-json\/wp\/v2\/media?parent=7292"}],"wp:term":[{"taxonomy":"product_cat","embeddable":true,"href":"https:\/\/centralconsulting.africa\/index.php\/wp-json\/wp\/v2\/product_cat?post=7292"},{"taxonomy":"product_tag","embeddable":true,"href":"https:\/\/centralconsulting.africa\/index.php\/wp-json\/wp\/v2\/product_tag?post=7292"}],"curies":[{"name":"wp","href":"https:\/\/api.w.org\/{rel}","templated":true}]}}