{"id":7288,"date":"2023-07-03T13:51:22","date_gmt":"2023-07-03T13:51:22","guid":{"rendered":"https:\/\/centralconsulting.africa\/?post_type=product&#038;p=7288"},"modified":"2023-07-03T13:51:23","modified_gmt":"2023-07-03T13:51:23","slug":"pieces-de-rechange-pour-le-domaine-maritime","status":"publish","type":"product","link":"https:\/\/centralconsulting.africa\/index.php\/product\/pieces-de-rechange-pour-le-domaine-maritime\/","title":{"rendered":"PI\u00c8CES DE RECHANGE POUR LE DOMAINE MARITIME"},"content":{"rendered":"","protected":false},"excerpt":{"rendered":"<p>Composants de ligne d\u2019arbre Simplex, paliers, but\u00e9e, \u00e9tambots, syst\u00e8mes de gouvernail, stabilisateurs, rechanges moteurs, compresseurs, s\u00e9parateurs d\u2019eau mazouteuse, incin\u00e9rateurs, accessoires de tuyauterie, tuyaux en \u00e9poxy, anodes et protection cathodique, \u00e9chappements secs ou humides.<\/p>\n","protected":false},"featured_media":7289,"comment_status":"open","ping_status":"closed","template":"","meta":[],"product_cat":[],"product_tag":[],"_links":{"self":[{"href":"https:\/\/centralconsulting.africa\/index.php\/wp-json\/wp\/v2\/product\/7288"}],"collection":[{"href":"https:\/\/centralconsulting.africa\/index.php\/wp-json\/wp\/v2\/product"}],"about":[{"href":"https:\/\/centralconsulting.africa\/index.php\/wp-json\/wp\/v2\/types\/product"}],"replies":[{"embeddable":true,"href":"https:\/\/centralconsulting.africa\/index.php\/wp-json\/wp\/v2\/comments?post=7288"}],"wp:featuredmedia":[{"embeddable":true,"href":"https:\/\/centralconsulting.africa\/index.php\/wp-json\/wp\/v2\/media\/7289"}],"wp:attachment":[{"href":"https:\/\/centralconsulting.africa\/index.php\/wp-json\/wp\/v2\/media?parent=7288"}],"wp:term":[{"taxonomy":"product_cat","embeddable":true,"href":"https:\/\/centralconsulting.africa\/index.php\/wp-json\/wp\/v2\/product_cat?post=7288"},{"taxonomy":"product_tag","embeddable":true,"href":"https:\/\/centralconsulting.africa\/index.php\/wp-json\/wp\/v2\/product_tag?post=7288"}],"curies":[{"name":"wp","href":"https:\/\/api.w.org\/{rel}","templated":true}]}}