{"id":7286,"date":"2023-07-03T13:49:21","date_gmt":"2023-07-03T13:49:21","guid":{"rendered":"https:\/\/centralconsulting.africa\/?post_type=product&#038;p=7286"},"modified":"2023-07-03T13:49:21","modified_gmt":"2023-07-03T13:49:21","slug":"joints-detancheite-maritimes-et-fluviales","status":"publish","type":"product","link":"https:\/\/centralconsulting.africa\/index.php\/product\/joints-detancheite-maritimes-et-fluviales\/","title":{"rendered":"JOINTS D\u2019\u00c9TANCH\u00c9IT\u00c9 MARITIMES ET FLUVIALES"},"content":{"rendered":"","protected":false},"excerpt":{"rendered":"<p>CC propose des joints d\u2019\u00e9tanch\u00e9it\u00e9 pour les structures maritimes et fluviales, comme les portes d\u2019\u00e9cluses ou les glissi\u00e8res.<\/p>\n","protected":false},"featured_media":7287,"comment_status":"open","ping_status":"closed","template":"","meta":[],"product_cat":[],"product_tag":[],"_links":{"self":[{"href":"https:\/\/centralconsulting.africa\/index.php\/wp-json\/wp\/v2\/product\/7286"}],"collection":[{"href":"https:\/\/centralconsulting.africa\/index.php\/wp-json\/wp\/v2\/product"}],"about":[{"href":"https:\/\/centralconsulting.africa\/index.php\/wp-json\/wp\/v2\/types\/product"}],"replies":[{"embeddable":true,"href":"https:\/\/centralconsulting.africa\/index.php\/wp-json\/wp\/v2\/comments?post=7286"}],"wp:featuredmedia":[{"embeddable":true,"href":"https:\/\/centralconsulting.africa\/index.php\/wp-json\/wp\/v2\/media\/7287"}],"wp:attachment":[{"href":"https:\/\/centralconsulting.africa\/index.php\/wp-json\/wp\/v2\/media?parent=7286"}],"wp:term":[{"taxonomy":"product_cat","embeddable":true,"href":"https:\/\/centralconsulting.africa\/index.php\/wp-json\/wp\/v2\/product_cat?post=7286"},{"taxonomy":"product_tag","embeddable":true,"href":"https:\/\/centralconsulting.africa\/index.php\/wp-json\/wp\/v2\/product_tag?post=7286"}],"curies":[{"name":"wp","href":"https:\/\/api.w.org\/{rel}","templated":true}]}}