{"id":7284,"date":"2023-07-03T13:47:43","date_gmt":"2023-07-03T13:47:43","guid":{"rendered":"https:\/\/centralconsulting.africa\/?post_type=product&#038;p=7284"},"modified":"2023-07-03T13:47:44","modified_gmt":"2023-07-03T13:47:44","slug":"equipements-de-ponts","status":"publish","type":"product","link":"https:\/\/centralconsulting.africa\/index.php\/product\/equipements-de-ponts\/","title":{"rendered":"EQUIPEMENTS DE PONTS"},"content":{"rendered":"","protected":false},"excerpt":{"rendered":"<p>Chaines, ancres, treuils, guindeaux, bollards, chaumards, bossoirs, embarcations, portes, panneaux, d\u00e9gagements d\u2019air, fen\u00eatres, hublots, pi\u00e8ces de fonderie, autant d\u2019\u00e9quipements de ponts que la soci\u00e9t\u00e9 CC peut vous proposer<\/p>\n","protected":false},"featured_media":7285,"comment_status":"open","ping_status":"closed","template":"","meta":[],"product_cat":[],"product_tag":[],"_links":{"self":[{"href":"https:\/\/centralconsulting.africa\/index.php\/wp-json\/wp\/v2\/product\/7284"}],"collection":[{"href":"https:\/\/centralconsulting.africa\/index.php\/wp-json\/wp\/v2\/product"}],"about":[{"href":"https:\/\/centralconsulting.africa\/index.php\/wp-json\/wp\/v2\/types\/product"}],"replies":[{"embeddable":true,"href":"https:\/\/centralconsulting.africa\/index.php\/wp-json\/wp\/v2\/comments?post=7284"}],"wp:featuredmedia":[{"embeddable":true,"href":"https:\/\/centralconsulting.africa\/index.php\/wp-json\/wp\/v2\/media\/7285"}],"wp:attachment":[{"href":"https:\/\/centralconsulting.africa\/index.php\/wp-json\/wp\/v2\/media?parent=7284"}],"wp:term":[{"taxonomy":"product_cat","embeddable":true,"href":"https:\/\/centralconsulting.africa\/index.php\/wp-json\/wp\/v2\/product_cat?post=7284"},{"taxonomy":"product_tag","embeddable":true,"href":"https:\/\/centralconsulting.africa\/index.php\/wp-json\/wp\/v2\/product_tag?post=7284"}],"curies":[{"name":"wp","href":"https:\/\/api.w.org\/{rel}","templated":true}]}}