{"id":7281,"date":"2023-07-03T13:45:06","date_gmt":"2023-07-03T13:45:06","guid":{"rendered":"https:\/\/centralconsulting.africa\/?post_type=product&#038;p=7281"},"modified":"2023-07-03T13:45:06","modified_gmt":"2023-07-03T13:45:06","slug":"embarcations-en-acier-et-aluminium","status":"publish","type":"product","link":"https:\/\/centralconsulting.africa\/index.php\/product\/embarcations-en-acier-et-aluminium\/","title":{"rendered":"EMBARCATIONS EN ACIER ET ALUMINIUM"},"content":{"rendered":"","protected":false},"excerpt":{"rendered":"<p>Parmi les embarcations propos\u00e9e par CC vous trouverez des bateaux en acier ou aluminium. ETHM assure de plus la fourniture de pi\u00e8ces et structures m\u00e9talliques pour l\u2019industrie et le milieu maritime. ETHM propose des solutions de r\u00e9paration navale.<\/p>\n","protected":false},"featured_media":7283,"comment_status":"open","ping_status":"closed","template":"","meta":[],"product_cat":[],"product_tag":[],"_links":{"self":[{"href":"https:\/\/centralconsulting.africa\/index.php\/wp-json\/wp\/v2\/product\/7281"}],"collection":[{"href":"https:\/\/centralconsulting.africa\/index.php\/wp-json\/wp\/v2\/product"}],"about":[{"href":"https:\/\/centralconsulting.africa\/index.php\/wp-json\/wp\/v2\/types\/product"}],"replies":[{"embeddable":true,"href":"https:\/\/centralconsulting.africa\/index.php\/wp-json\/wp\/v2\/comments?post=7281"}],"wp:featuredmedia":[{"embeddable":true,"href":"https:\/\/centralconsulting.africa\/index.php\/wp-json\/wp\/v2\/media\/7283"}],"wp:attachment":[{"href":"https:\/\/centralconsulting.africa\/index.php\/wp-json\/wp\/v2\/media?parent=7281"}],"wp:term":[{"taxonomy":"product_cat","embeddable":true,"href":"https:\/\/centralconsulting.africa\/index.php\/wp-json\/wp\/v2\/product_cat?post=7281"},{"taxonomy":"product_tag","embeddable":true,"href":"https:\/\/centralconsulting.africa\/index.php\/wp-json\/wp\/v2\/product_tag?post=7281"}],"curies":[{"name":"wp","href":"https:\/\/api.w.org\/{rel}","templated":true}]}}