{"id":7271,"date":"2023-07-03T12:57:00","date_gmt":"2023-07-03T12:57:00","guid":{"rendered":"https:\/\/centralconsulting.africa\/?post_type=product&#038;p=7271"},"modified":"2023-07-03T12:57:00","modified_gmt":"2023-07-03T12:57:00","slug":"protection-antifouling-icaf","status":"publish","type":"product","link":"https:\/\/centralconsulting.africa\/index.php\/product\/protection-antifouling-icaf\/","title":{"rendered":"PROTECTION ANTIFOULING ICAF"},"content":{"rendered":"<p>AVANTAGES DE L\u2019UNIT\u00c9 DE PUISSANCE ICAF DE MGPS<br \/>\nV\u00e9rification automatique de l\u2019installation correcte, y compris la fonction d\u2019alarme<br \/>\nFonctionnement de l\u2019\u00e9cran tactile dans toutes les langues principales Indication de la dur\u00e9e de vie restante des anodes (+ fonction d\u2019alarme)<br \/>\nInteractif avec les pompes \u00e0 eau de mer via plusieurs entr\u00e9es num\u00e9riques pour \u00e9conomiser le mat\u00e9riau d\u2019anode<br \/>\nT\u00e9l\u00e9chargement \/ t\u00e9l\u00e9chargement via SD Historique de toutes les donn\u00e9es en ann\u00e9es<br \/>\nBasse tension \/ court-circuit avec fonction d\u2019alarme<br \/>\nContr\u00f4le de polarit\u00e9 pour l\u2019identification de l\u2019anode, y compris la fonction d\u2019alarme<br \/>\nConnectable au syst\u00e8me de gestion de navire via RS485 et RS232 (en option)<\/p>\n","protected":false},"excerpt":{"rendered":"<p>L\u2019encrassement est un vrai probl\u00e8me pour les constructions en eau de mer. Les syst\u00e8mes de protection contre la croissance marine (MGPS) offrent une vari\u00e9t\u00e9 d\u2019avantages. Les co\u00fbts sont r\u00e9duits. Les performances sont augment\u00e9es. Et dans le monde d\u2019aujourd\u2019hui, les r\u00e9glementations environnementales ne peuvent \u00eatre ignor\u00e9es.<\/p>\n<p>Investir dans une protection antifouling de haute qualit\u00e9 permettra \u00e0 vos actifs de fonctionner \u00e0 leur plein potentiel. Et gardez-vous un avantage dans l\u2019\u00e9volution vers des solutions durables.<\/p>\n<p>Obtenir la certification est un avantage certain de nos jours. Les propri\u00e9taires de navires, les exploitants et les chantiers navals qui ach\u00e8tent des syst\u00e8mes, des \u00e9quipements et des pi\u00e8ces de rechange conformes aux r\u00e9glementations de plus en plus strictes en b\u00e9n\u00e9ficieront grandement, en particulier avec le temps. L\u2019UE et d\u2019autres parties du monde continueront de restreindre l\u2019utilisation des biocides, des produits chimiques utilis\u00e9s pour contr\u00f4ler les organismes. Une bonne maintenance et l\u2019utilisation de syst\u00e8mes conformes ont d\u00e9sormais leurs fruits. Et encore plus dans un avenir (proche).<\/p>\n<p>Nos syst\u00e8mes antifoulings \u00e0 courant impos\u00e9 (ICAF) ou syst\u00e8mes de protection contre la croissance marine (MGPS) garantissent une protection optimale contre tous les types d\u2019encrassement marin. Sur toutes sortes de navires et de constructions \u2013 \u00e0 peu pr\u00e8s tout ce qui se trouve dans l\u2019eau de mer. Refroidisseurs \u00e0 caissons, syst\u00e8mes d\u2019admission d\u2019eau de mer, pompes immerg\u00e9es. Diverses applications industrielles \u00e9galement.<\/p>\n<p>Le principe de fonctionnement des syst\u00e8mes ICAF est bas\u00e9 sur une diff\u00e9rence de tension d\u00e9clench\u00e9e artificiellement entre les anodes en cuivre et les cathodes en plaque d\u2019acier int\u00e9gr\u00e9s. Lorsque le cuivre se dissout dans l\u2019eau de mer, un environnement est cr\u00e9\u00e9 qui emp\u00eache l\u2019encrassement et prot\u00e8ge la structure. L\u2019unit\u00e9 de puissance garantit que les anodes en cuivre ajoutent pr\u00e9cis\u00e9ment le nombre de particules de cuivre n\u00e9cessaires \u00e0 l\u2019eau de mer.<\/p>\n<p>La corrosion est dans le domaine de la protection des constructions et des navires en eau de mer depuis 1993. En tant qu\u2019experts, nous pouvons assurer le fonctionnement parfait et \u00e0 long terme du syst\u00e8me. Toutes les donn\u00e9es peuvent \u00eatre t\u00e9l\u00e9charg\u00e9es sur un ordinateur externe et transf\u00e9r\u00e9es via Internet.<\/p>\n","protected":false},"featured_media":7272,"comment_status":"open","ping_status":"closed","template":"","meta":[],"product_cat":[],"product_tag":[],"_links":{"self":[{"href":"https:\/\/centralconsulting.africa\/index.php\/wp-json\/wp\/v2\/product\/7271"}],"collection":[{"href":"https:\/\/centralconsulting.africa\/index.php\/wp-json\/wp\/v2\/product"}],"about":[{"href":"https:\/\/centralconsulting.africa\/index.php\/wp-json\/wp\/v2\/types\/product"}],"replies":[{"embeddable":true,"href":"https:\/\/centralconsulting.africa\/index.php\/wp-json\/wp\/v2\/comments?post=7271"}],"wp:featuredmedia":[{"embeddable":true,"href":"https:\/\/centralconsulting.africa\/index.php\/wp-json\/wp\/v2\/media\/7272"}],"wp:attachment":[{"href":"https:\/\/centralconsulting.africa\/index.php\/wp-json\/wp\/v2\/media?parent=7271"}],"wp:term":[{"taxonomy":"product_cat","embeddable":true,"href":"https:\/\/centralconsulting.africa\/index.php\/wp-json\/wp\/v2\/product_cat?post=7271"},{"taxonomy":"product_tag","embeddable":true,"href":"https:\/\/centralconsulting.africa\/index.php\/wp-json\/wp\/v2\/product_tag?post=7271"}],"curies":[{"name":"wp","href":"https:\/\/api.w.org\/{rel}","templated":true}]}}