{"id":7267,"date":"2023-07-03T12:45:54","date_gmt":"2023-07-03T12:45:54","guid":{"rendered":"https:\/\/centralconsulting.africa\/?post_type=product&#038;p=7267"},"modified":"2023-07-03T12:45:56","modified_gmt":"2023-07-03T12:45:56","slug":"protection-cathodique-iccp","status":"publish","type":"product","link":"https:\/\/centralconsulting.africa\/index.php\/product\/protection-cathodique-iccp\/","title":{"rendered":"PROTECTION CATHODIQUE ICCP"},"content":{"rendered":"<p>AVANTAGES DE NOTRE UNIT\u00c9 DE PUISSANCE ICCP<br \/>\nFonctionnement de l\u2019\u00e9cran tactile dans toutes les langues principales<br \/>\nContr\u00f4le \u00abhors potentiel\u00bb Indicateur d\u2019\u00e9tat du rev\u00eatement<br \/>\nSurveillance de l\u2019arbre d\u2019h\u00e9lice (+ fonction d\u2019alarme)<br \/>\nScan automatique du syst\u00e8me<br \/>\nT\u00e9l\u00e9chargement \/ t\u00e9l\u00e9chargement via SD<br \/>\nMode automatique \/ manuel<br \/>\nHistorique de toutes les donn\u00e9es en ann\u00e9es<br \/>\nContr\u00f4le de temp\u00e9rature 3 points de l\u2019armoire (+ fonction alarme)<br \/>\nConnectable \u00e0 un syst\u00e8me de gestion de navire via Ethernet, RS485 et RS232 (en option)<\/p>\n","protected":false},"excerpt":{"rendered":"<p>Dans le domaine maritime, la corrosion galvanique est l\u2019ennemi num\u00e9ro un de toute construction en eau de mer. EQUIMER intervient sur vos \u00e9quipements maritimes de navigation et offshore, en utilisant les syst\u00e8mes de protection cathodique ICCP (Impressed Current Cathodic Protection) d\u00e9velopp\u00e9s par la soci\u00e9t\u00e9 CORROSION. Ces solutions anticorrosion de pointe prot\u00e9geront vos actifs quelle ques soient les conditions.<\/p>\n<p>Nous pouvons suivre, maintenir et r\u00e9soudre les probl\u00e8mes depuis le rivage. De nombreuses options de contr\u00f4le et de contr\u00f4le sont directement connect\u00e9es au syst\u00e8me de gestion des navires. Nous pouvons surveiller en permanence les donn\u00e9es. M\u00eame lorsque les conditions de l\u2019eau changent, notre syst\u00e8me s\u2019adapte. Il fournit en permanence la bonne et la meilleure protection. Notre technique assure la bonne protection pour votre bien. Dans chaque situation. Tout le temps. Pr\u00e9cis\u00e9ment adapt\u00e9 \u00e0 vos exigences maritimes.<\/p>\n<p>Nos syst\u00e8mes ICCP offrent encore plus d\u2019avantages. Ce sont des solutions uniques et hautement sophistiqu\u00e9es. Mais le syst\u00e8me ICCP a encore plus d\u2019avantages par rapport aux anodes sacrificielles. D\u2019une part, c\u2019est moins cher \u00e0 long terme. Et c\u2019est pratiquement sans entretien. La dur\u00e9e de vie est \u00e9galement longue : 25 ans.<\/p>\n","protected":false},"featured_media":7269,"comment_status":"open","ping_status":"closed","template":"","meta":[],"product_cat":[],"product_tag":[],"_links":{"self":[{"href":"https:\/\/centralconsulting.africa\/index.php\/wp-json\/wp\/v2\/product\/7267"}],"collection":[{"href":"https:\/\/centralconsulting.africa\/index.php\/wp-json\/wp\/v2\/product"}],"about":[{"href":"https:\/\/centralconsulting.africa\/index.php\/wp-json\/wp\/v2\/types\/product"}],"replies":[{"embeddable":true,"href":"https:\/\/centralconsulting.africa\/index.php\/wp-json\/wp\/v2\/comments?post=7267"}],"wp:featuredmedia":[{"embeddable":true,"href":"https:\/\/centralconsulting.africa\/index.php\/wp-json\/wp\/v2\/media\/7269"}],"wp:attachment":[{"href":"https:\/\/centralconsulting.africa\/index.php\/wp-json\/wp\/v2\/media?parent=7267"}],"wp:term":[{"taxonomy":"product_cat","embeddable":true,"href":"https:\/\/centralconsulting.africa\/index.php\/wp-json\/wp\/v2\/product_cat?post=7267"},{"taxonomy":"product_tag","embeddable":true,"href":"https:\/\/centralconsulting.africa\/index.php\/wp-json\/wp\/v2\/product_tag?post=7267"}],"curies":[{"name":"wp","href":"https:\/\/api.w.org\/{rel}","templated":true}]}}