{"id":7262,"date":"2023-06-23T16:29:57","date_gmt":"2023-06-23T16:29:57","guid":{"rendered":"https:\/\/centralconsulting.africa\/?post_type=product&#038;p=7262"},"modified":"2023-06-23T16:29:57","modified_gmt":"2023-06-23T16:29:57","slug":"ou-peut-on-appliquer-la-technique-anodique","status":"publish","type":"product","link":"https:\/\/centralconsulting.africa\/index.php\/product\/ou-peut-on-appliquer-la-technique-anodique\/","title":{"rendered":"O\u00d9 PEUT-ON APPLIQUER LA TECHNIQUE ANODIQUE ?"},"content":{"rendered":"","protected":false},"excerpt":{"rendered":"<p>Navires,<br \/>\nInstallations portuaires,<br \/>\nIng\u00e9nierie offshore,<br \/>\nStructures souterraines,<br \/>\nR\u00e9servoirs,<br \/>\nCentrales \u00e9lectriques, raffineries et usines chimiques,<br \/>\nStructures en b\u00e9ton arm\u00e9 et fondations sur pieux de b\u00e2timents.<\/p>\n","protected":false},"featured_media":7263,"comment_status":"open","ping_status":"closed","template":"","meta":[],"product_cat":[],"product_tag":[],"_links":{"self":[{"href":"https:\/\/centralconsulting.africa\/index.php\/wp-json\/wp\/v2\/product\/7262"}],"collection":[{"href":"https:\/\/centralconsulting.africa\/index.php\/wp-json\/wp\/v2\/product"}],"about":[{"href":"https:\/\/centralconsulting.africa\/index.php\/wp-json\/wp\/v2\/types\/product"}],"replies":[{"embeddable":true,"href":"https:\/\/centralconsulting.africa\/index.php\/wp-json\/wp\/v2\/comments?post=7262"}],"wp:featuredmedia":[{"embeddable":true,"href":"https:\/\/centralconsulting.africa\/index.php\/wp-json\/wp\/v2\/media\/7263"}],"wp:attachment":[{"href":"https:\/\/centralconsulting.africa\/index.php\/wp-json\/wp\/v2\/media?parent=7262"}],"wp:term":[{"taxonomy":"product_cat","embeddable":true,"href":"https:\/\/centralconsulting.africa\/index.php\/wp-json\/wp\/v2\/product_cat?post=7262"},{"taxonomy":"product_tag","embeddable":true,"href":"https:\/\/centralconsulting.africa\/index.php\/wp-json\/wp\/v2\/product_tag?post=7262"}],"curies":[{"name":"wp","href":"https:\/\/api.w.org\/{rel}","templated":true}]}}