{"id":7258,"date":"2023-06-23T16:10:42","date_gmt":"2023-06-23T16:10:42","guid":{"rendered":"https:\/\/centralconsulting.africa\/?post_type=product&#038;p=7258"},"modified":"2023-06-23T16:11:43","modified_gmt":"2023-06-23T16:11:43","slug":"lubrifiants-marins-respectueux-de-lenvironnement","status":"publish","type":"product","link":"https:\/\/centralconsulting.africa\/index.php\/product\/lubrifiants-marins-respectueux-de-lenvironnement\/","title":{"rendered":"LUBRIFIANTS MARINS RESPECTUEUX DE L\u2019ENVIRONNEMENT"},"content":{"rendered":"<p>BIOGREASE EP2 et BIOGREASE EP0 sont des graisses \u00e9paissies au lithium \/ calcium. Ils offrent une excellente protection contre la corrosion et une r\u00e9sistance au lavage de la pluie et de l\u2019eau de mer et peuvent \u00eatre utilis\u00e9s sur l\u2019\u00e9quipement de pont, les c\u00e2bles m\u00e9talliques et comme stock de gouvernail.<\/p>\n<p>Les huiles Vickers poss\u00e8dent \u00e9galement une gamme de graisses \u00e0 base min\u00e9rale qui offrent un niveau \u00e9lev\u00e9 de lubrification et de protection contre la corrosion. NEOX DT et NEOX DTX ont la consistance d\u2019une graisse douce. Les deux produits sont recommand\u00e9s pour une utilisation sur les c\u00e2bles m\u00e9talliques et le gr\u00e9ement, les saisines de conteneurs, les roulements et les glissi\u00e8res de couvercle d\u2019\u00e9coutille, les treuils de pont et les rails de cale de halage. Contrairement \u00e0 de nombreux types de graisse conventionnels, ces produits ne durcissent pas excessivement et ne se fissurent pas lorsqu\u2019ils sont soumis \u00e0 des conditions froides et humides.<\/p>\n<p>Vickers Oils poss\u00e8de \u00e9galement un pansement pour c\u00e2bles m\u00e9talliques \u00e0 base min\u00e9rale qui a \u00e9t\u00e9 formul\u00e9 pour \u00eatre suffisamment fluide pour \u00eatre appliqu\u00e9 au pinceau, au pistolet ou par des moyens m\u00e9caniques. Le principal avantage est qu\u2019il pr\u00e9sente des caract\u00e9ristiques de d\u00e9shydratation telles que l\u2019eau pr\u00e9sente \u00e0 la surface du m\u00e9tal est d\u00e9plac\u00e9e en laissant un mince film continu de lubrifiants, qui a d\u2019excellentes propri\u00e9t\u00e9s anti-corrosion.<\/p>\n","protected":false},"excerpt":{"rendered":"<p>BIOGREASE EP est un lubrifiant respectueux de l\u2019environnement (EAL), bas\u00e9 sur des esters synth\u00e9tiques enti\u00e8rement satur\u00e9s et r\u00e9pondant aux d\u00e9finitions et exigences \u00e9cologiques d\u00e9taill\u00e9es \u00e9tablies dans le permis g\u00e9n\u00e9ral du navire (VGP). BIOGREASE EP offre un fonctionnement am\u00e9lior\u00e9 et des risques environnementaux r\u00e9duits, ce qui se traduit par des \u00e9conomies de co\u00fbts globales.<\/p>\n","protected":false},"featured_media":7259,"comment_status":"open","ping_status":"closed","template":"","meta":[],"product_cat":[],"product_tag":[],"_links":{"self":[{"href":"https:\/\/centralconsulting.africa\/index.php\/wp-json\/wp\/v2\/product\/7258"}],"collection":[{"href":"https:\/\/centralconsulting.africa\/index.php\/wp-json\/wp\/v2\/product"}],"about":[{"href":"https:\/\/centralconsulting.africa\/index.php\/wp-json\/wp\/v2\/types\/product"}],"replies":[{"embeddable":true,"href":"https:\/\/centralconsulting.africa\/index.php\/wp-json\/wp\/v2\/comments?post=7258"}],"wp:featuredmedia":[{"embeddable":true,"href":"https:\/\/centralconsulting.africa\/index.php\/wp-json\/wp\/v2\/media\/7259"}],"wp:attachment":[{"href":"https:\/\/centralconsulting.africa\/index.php\/wp-json\/wp\/v2\/media?parent=7258"}],"wp:term":[{"taxonomy":"product_cat","embeddable":true,"href":"https:\/\/centralconsulting.africa\/index.php\/wp-json\/wp\/v2\/product_cat?post=7258"},{"taxonomy":"product_tag","embeddable":true,"href":"https:\/\/centralconsulting.africa\/index.php\/wp-json\/wp\/v2\/product_tag?post=7258"}],"curies":[{"name":"wp","href":"https:\/\/api.w.org\/{rel}","templated":true}]}}