{"id":7256,"date":"2023-06-23T16:06:29","date_gmt":"2023-06-23T16:06:29","guid":{"rendered":"https:\/\/centralconsulting.africa\/?post_type=product&#038;p=7256"},"modified":"2023-06-23T16:06:29","modified_gmt":"2023-06-23T16:06:29","slug":"des-lubrifiants-marins-ecologiques","status":"publish","type":"product","link":"https:\/\/centralconsulting.africa\/index.php\/product\/des-lubrifiants-marins-ecologiques\/","title":{"rendered":"DES LUBRIFIANTS MARINS \u00c9COLOGIQUES"},"content":{"rendered":"<p>En savoir plus : BIOGEAR XP 68, BIOGEAR XP 100, BIOGEAR XP 150, BIOGEAR XP 220, BIOGEAR XP 320, BIOGEAR XP 460.<\/p>\n<p>HYDROX 8 EP et HYDROX EP 150 sont des lubrifiants pour engrenages extr\u00eame pression (EP) \u00e0 base d\u2019huile min\u00e9rale qui ont \u00e9t\u00e9 con\u00e7us principalement pour la lubrification des propulseurs. Ils offrent un tr\u00e8s haut niveau de performance anti-usure adapt\u00e9 \u00e0 la lubrification des engrenages fortement charg\u00e9s, offrant une r\u00e9sistance \u00e9lev\u00e9e aux micro-piq\u00fbres et aux \u00e9raflures. Ils ont \u00e9t\u00e9 formul\u00e9s pour convenir aux applications o\u00f9 un engrenage et une fonction hydraulique combin\u00e9s sont requis. Des \u00e9mulsions stables se forment avec toute l\u2019eau qui peut p\u00e9n\u00e9trer dans l\u2019unit\u00e9 et offrent ainsi une protection contre la corrosion.<\/p>\n","protected":false},"excerpt":{"rendered":"<p>BIOGEAR XP est une gamme de lubrifiants pour engrenages respectueux de l\u2019environnement offrant une protection anti-usure, EP et oxydation sup\u00e9rieure, m\u00eame dans des conditions s\u00e9v\u00e8res. Ils r\u00e9pondent aux exigences de la norme DIN 51517 partie 3.<\/p>\n<p>Notre gamme de lubrifiants \u00e9cologiquement acceptables (EAL) pour cette application est bas\u00e9e sur des esters synth\u00e9tiques enti\u00e8rement satur\u00e9s et r\u00e9pond aux d\u00e9finitions et exigences \u00e9cologiques d\u00e9taill\u00e9es \u00e9tablies dans le permis g\u00e9n\u00e9ral du navire (VGP).<\/p>\n","protected":false},"featured_media":7257,"comment_status":"open","ping_status":"closed","template":"","meta":[],"product_cat":[],"product_tag":[],"_links":{"self":[{"href":"https:\/\/centralconsulting.africa\/index.php\/wp-json\/wp\/v2\/product\/7256"}],"collection":[{"href":"https:\/\/centralconsulting.africa\/index.php\/wp-json\/wp\/v2\/product"}],"about":[{"href":"https:\/\/centralconsulting.africa\/index.php\/wp-json\/wp\/v2\/types\/product"}],"replies":[{"embeddable":true,"href":"https:\/\/centralconsulting.africa\/index.php\/wp-json\/wp\/v2\/comments?post=7256"}],"wp:featuredmedia":[{"embeddable":true,"href":"https:\/\/centralconsulting.africa\/index.php\/wp-json\/wp\/v2\/media\/7257"}],"wp:attachment":[{"href":"https:\/\/centralconsulting.africa\/index.php\/wp-json\/wp\/v2\/media?parent=7256"}],"wp:term":[{"taxonomy":"product_cat","embeddable":true,"href":"https:\/\/centralconsulting.africa\/index.php\/wp-json\/wp\/v2\/product_cat?post=7256"},{"taxonomy":"product_tag","embeddable":true,"href":"https:\/\/centralconsulting.africa\/index.php\/wp-json\/wp\/v2\/product_tag?post=7256"}],"curies":[{"name":"wp","href":"https:\/\/api.w.org\/{rel}","templated":true}]}}