{"id":7254,"date":"2023-06-23T16:04:14","date_gmt":"2023-06-23T16:04:14","guid":{"rendered":"https:\/\/centralconsulting.africa\/?post_type=product&#038;p=7254"},"modified":"2023-06-23T16:04:40","modified_gmt":"2023-06-23T16:04:40","slug":"fluides-pour-helices-a-pas-variable","status":"publish","type":"product","link":"https:\/\/centralconsulting.africa\/index.php\/product\/fluides-pour-helices-a-pas-variable\/","title":{"rendered":"FLUIDES POUR H\u00c9LICES \u00c0 PAS VARIABLE"},"content":{"rendered":"<p>Notre gamme de lubrifiants \u00e9cologiquement acceptables (EAL) pour cette application est bas\u00e9e sur des esters synth\u00e9tiques enti\u00e8rement satur\u00e9s et r\u00e9pond aux d\u00e9finitions et exigences \u00e9cologiques d\u00e9taill\u00e9es \u00e9tablies dans le permis g\u00e9n\u00e9ral du navire (VGP).<\/p>\n<p>Les produits g\u00e9n\u00e9ralement utilis\u00e9s dans cette application incluent ECOSURE HSE 32, ECOSURE HSE 46, ECOSURE HSE 68, ECOSURE HSE 100, BIOGEAR XP 68, HYDROX BIO 100 et HYDROX BIO 150. Pour plus d\u2019informations, veuillez utiliser le lien suivant pour nous contacter et en fournir plus. informations de base pour nous permettre de fournir des conseils sp\u00e9cifiques.<\/p>\n<p>NEOX DT peut \u00eatre utilis\u00e9 pour la lubrification et la protection du moyeu CPP l\u00e0 o\u00f9 un emballage de graisse min\u00e9rale est requis et o\u00f9 de l\u2019eau de mer, de l\u2019eau douce ou de l\u2019humidit\u00e9 de condensation peuvent se produire.<\/p>\n","protected":false},"excerpt":{"rendered":"<p>Vickers Oils propose une gamme de produits conformes au VGP qui ont \u00e9t\u00e9 approuv\u00e9s par divers OEM pour une utilisation dans les h\u00e9lices \u00e0 pas variable (CPP) o\u00f9 il peut se produire une perte de fluide dans l\u2019environnement.<\/p>\n<p>ECOSURE HSE et BIOGEAR XP offrent une excellente protection de l\u2019\u00e9quipement, une stabilit\u00e9 thermique sup\u00e9rieure, une r\u00e9sistance \u00e0 l\u2019oxydation exceptionnelle et de bonnes performances anti-usure dans des conditions s\u00e9v\u00e8res.<\/p>\n","protected":false},"featured_media":7255,"comment_status":"open","ping_status":"closed","template":"","meta":[],"product_cat":[],"product_tag":[],"_links":{"self":[{"href":"https:\/\/centralconsulting.africa\/index.php\/wp-json\/wp\/v2\/product\/7254"}],"collection":[{"href":"https:\/\/centralconsulting.africa\/index.php\/wp-json\/wp\/v2\/product"}],"about":[{"href":"https:\/\/centralconsulting.africa\/index.php\/wp-json\/wp\/v2\/types\/product"}],"replies":[{"embeddable":true,"href":"https:\/\/centralconsulting.africa\/index.php\/wp-json\/wp\/v2\/comments?post=7254"}],"wp:featuredmedia":[{"embeddable":true,"href":"https:\/\/centralconsulting.africa\/index.php\/wp-json\/wp\/v2\/media\/7255"}],"wp:attachment":[{"href":"https:\/\/centralconsulting.africa\/index.php\/wp-json\/wp\/v2\/media?parent=7254"}],"wp:term":[{"taxonomy":"product_cat","embeddable":true,"href":"https:\/\/centralconsulting.africa\/index.php\/wp-json\/wp\/v2\/product_cat?post=7254"},{"taxonomy":"product_tag","embeddable":true,"href":"https:\/\/centralconsulting.africa\/index.php\/wp-json\/wp\/v2\/product_tag?post=7254"}],"curies":[{"name":"wp","href":"https:\/\/api.w.org\/{rel}","templated":true}]}}