{"id":7248,"date":"2023-06-23T15:53:29","date_gmt":"2023-06-23T15:53:29","guid":{"rendered":"https:\/\/centralconsulting.africa\/?post_type=product&#038;p=7248"},"modified":"2023-06-23T15:53:29","modified_gmt":"2023-06-23T15:53:29","slug":"lubrifiants-ecologiques-et-emulsifiables","status":"publish","type":"product","link":"https:\/\/centralconsulting.africa\/index.php\/product\/lubrifiants-ecologiques-et-emulsifiables\/","title":{"rendered":"LUBRIFIANTS \u00c9COLOGIQUES ET \u00c9MULSIFIABLES"},"content":{"rendered":"","protected":false},"excerpt":{"rendered":"<p>Vickers Oils a lanc\u00e9 la premi\u00e8re gamme de lubrifiants biod\u00e9gradables pour tubes d\u2019\u00e9tambot au monde. Aujourd\u2019hui, Vickers Oils produit une gamme de produits livr\u00e9s dans le monde entier avec une exp\u00e9rience et une expertise in\u00e9gal\u00e9es.<\/p>\n<p>Equimer propose la gamme Vickers Oils de lubrifiants respectueux de l\u2019environnement (EAL) con\u00e7us pour fournir une excellente lubrification des roulements du tube d\u2019\u00e9tambot<\/p>\n","protected":false},"featured_media":7249,"comment_status":"open","ping_status":"closed","template":"","meta":[],"product_cat":[],"product_tag":[],"_links":{"self":[{"href":"https:\/\/centralconsulting.africa\/index.php\/wp-json\/wp\/v2\/product\/7248"}],"collection":[{"href":"https:\/\/centralconsulting.africa\/index.php\/wp-json\/wp\/v2\/product"}],"about":[{"href":"https:\/\/centralconsulting.africa\/index.php\/wp-json\/wp\/v2\/types\/product"}],"replies":[{"embeddable":true,"href":"https:\/\/centralconsulting.africa\/index.php\/wp-json\/wp\/v2\/comments?post=7248"}],"wp:featuredmedia":[{"embeddable":true,"href":"https:\/\/centralconsulting.africa\/index.php\/wp-json\/wp\/v2\/media\/7249"}],"wp:attachment":[{"href":"https:\/\/centralconsulting.africa\/index.php\/wp-json\/wp\/v2\/media?parent=7248"}],"wp:term":[{"taxonomy":"product_cat","embeddable":true,"href":"https:\/\/centralconsulting.africa\/index.php\/wp-json\/wp\/v2\/product_cat?post=7248"},{"taxonomy":"product_tag","embeddable":true,"href":"https:\/\/centralconsulting.africa\/index.php\/wp-json\/wp\/v2\/product_tag?post=7248"}],"curies":[{"name":"wp","href":"https:\/\/api.w.org\/{rel}","templated":true}]}}