{"id":7247,"date":"2023-06-23T15:44:57","date_gmt":"2023-06-23T15:44:57","guid":{"rendered":"https:\/\/centralconsulting.africa\/?post_type=product&#038;p=7247"},"modified":"2023-06-23T15:44:57","modified_gmt":"2023-06-23T15:44:57","slug":"deno-dn2-1000-generateur-dazote-a-membranes","status":"publish","type":"product","link":"https:\/\/centralconsulting.africa\/index.php\/product\/deno-dn2-1000-generateur-dazote-a-membranes\/","title":{"rendered":"DENO DN2-1000 g\u00e9n\u00e9rateur d\u2019azote \u00e0 membranes"},"content":{"rendered":"<p>Entra\u00eenement direct<br \/>\nPression de travail (bar) : 8<br \/>\nMax. pression de travail (bar) : 16<br \/>\nTension (V) : 380 \u2013 480<br \/>\nHertz (Hz) : 50 \u00e0 60<br \/>\nCapacit\u00e9 (Nm3 \/ h) : 475 \u2013 1000<br \/>\nTensions et pression non standard sur demande.<\/p>\n","protected":false},"excerpt":{"rendered":"<p>Le g\u00e9n\u00e9rateur d\u2019azote DENO DN2-1000 est bas\u00e9 sur la technologie des membranes. Notre g\u00e9n\u00e9rateur a une puret\u00e9 de 99,5% N2. La qualit\u00e9 de l\u2019air d\u2019entr\u00e9e est contr\u00f4l\u00e9e par un filtre \u00e0 charbon et un filtre \u00e0 poussi\u00e8res fines ainsi qu\u2019un radiateur assurant une utilisation efficace des membranes. Les commandes sont tr\u00e8s faciles \u00e0 utiliser. Si n\u00e9cessaire, des t\u00e9l\u00e9commandes pour les positions des ponts et des ponts sont disponibles. Les g\u00e9n\u00e9rateurs sont livr\u00e9s uniquement avec des compresseurs d\u2019air d\u2019alimentation Deno \u00e9quip\u00e9s d\u2019un s\u00e9cheur pour une production optimale d\u2019azote gazeux. L\u2019usine d\u2019azote totale est conforme aux r\u00e9glementations des principales soci\u00e9t\u00e9s de classification.<\/p>\n","protected":false},"featured_media":7246,"comment_status":"open","ping_status":"closed","template":"","meta":[],"product_cat":[],"product_tag":[],"_links":{"self":[{"href":"https:\/\/centralconsulting.africa\/index.php\/wp-json\/wp\/v2\/product\/7247"}],"collection":[{"href":"https:\/\/centralconsulting.africa\/index.php\/wp-json\/wp\/v2\/product"}],"about":[{"href":"https:\/\/centralconsulting.africa\/index.php\/wp-json\/wp\/v2\/types\/product"}],"replies":[{"embeddable":true,"href":"https:\/\/centralconsulting.africa\/index.php\/wp-json\/wp\/v2\/comments?post=7247"}],"wp:featuredmedia":[{"embeddable":true,"href":"https:\/\/centralconsulting.africa\/index.php\/wp-json\/wp\/v2\/media\/7246"}],"wp:attachment":[{"href":"https:\/\/centralconsulting.africa\/index.php\/wp-json\/wp\/v2\/media?parent=7247"}],"wp:term":[{"taxonomy":"product_cat","embeddable":true,"href":"https:\/\/centralconsulting.africa\/index.php\/wp-json\/wp\/v2\/product_cat?post=7247"},{"taxonomy":"product_tag","embeddable":true,"href":"https:\/\/centralconsulting.africa\/index.php\/wp-json\/wp\/v2\/product_tag?post=7247"}],"curies":[{"name":"wp","href":"https:\/\/api.w.org\/{rel}","templated":true}]}}