{"id":7241,"date":"2023-06-23T15:32:13","date_gmt":"2023-06-23T15:32:13","guid":{"rendered":"https:\/\/centralconsulting.africa\/?post_type=product&#038;p=7241"},"modified":"2023-06-23T15:32:13","modified_gmt":"2023-06-23T15:32:13","slug":"compresseur-dair-deno-l3-56-de-demarrage-de-moteurs","status":"publish","type":"product","link":"https:\/\/centralconsulting.africa\/index.php\/product\/compresseur-dair-deno-l3-56-de-demarrage-de-moteurs\/","title":{"rendered":"Compresseur d&#8217;air DENO L3-56 de d\u00e9marrage de moteurs"},"content":{"rendered":"<p>Refroidissement : refroidi par air<br \/>\nAir : D\u00e9marrage de l\u2019air<br \/>\nAir conditionn\u00e9<br \/>\nEntra\u00eenement direct<br \/>\n2 \u00e9tages<br \/>\n3 cylindres<br \/>\nPression de travail (bar) : 30<br \/>\nMax. pression de travail (bar) : 40<br \/>\nTension (V) : 380 \u2013 690<br \/>\nHertz (Hz) : 50 \u00e0 60<br \/>\nCapacit\u00e9 (Nm3) : 39 \u2013 70<br \/>\nRPM : 950 \u2013 1750<br \/>\nPression plus faible sur demande.<\/p>\n","protected":false},"excerpt":{"rendered":"<p>Le compresseur d\u2019air DENO L3-56 est un compresseur \u00e0 piston \u00e0 d\u00e9marrage de moteurs de bateaux. Les compresseurs d\u2019air peuvent \u00eatre livr\u00e9s en tant qu\u2019unit\u00e9 d\u2019air de d\u00e9marrage compl\u00e8tement assembl\u00e9 pour une installation facile et un d\u00e9marrage direct. Chaque compresseur est conforme aux r\u00e8gles et r\u00e9glementations de toutes les grandes soci\u00e9t\u00e9s de classification.<\/p>\n","protected":false},"featured_media":7242,"comment_status":"open","ping_status":"closed","template":"","meta":[],"product_cat":[],"product_tag":[],"_links":{"self":[{"href":"https:\/\/centralconsulting.africa\/index.php\/wp-json\/wp\/v2\/product\/7241"}],"collection":[{"href":"https:\/\/centralconsulting.africa\/index.php\/wp-json\/wp\/v2\/product"}],"about":[{"href":"https:\/\/centralconsulting.africa\/index.php\/wp-json\/wp\/v2\/types\/product"}],"replies":[{"embeddable":true,"href":"https:\/\/centralconsulting.africa\/index.php\/wp-json\/wp\/v2\/comments?post=7241"}],"wp:featuredmedia":[{"embeddable":true,"href":"https:\/\/centralconsulting.africa\/index.php\/wp-json\/wp\/v2\/media\/7242"}],"wp:attachment":[{"href":"https:\/\/centralconsulting.africa\/index.php\/wp-json\/wp\/v2\/media?parent=7241"}],"wp:term":[{"taxonomy":"product_cat","embeddable":true,"href":"https:\/\/centralconsulting.africa\/index.php\/wp-json\/wp\/v2\/product_cat?post=7241"},{"taxonomy":"product_tag","embeddable":true,"href":"https:\/\/centralconsulting.africa\/index.php\/wp-json\/wp\/v2\/product_tag?post=7241"}],"curies":[{"name":"wp","href":"https:\/\/api.w.org\/{rel}","templated":true}]}}