{"id":7233,"date":"2023-06-23T15:01:25","date_gmt":"2023-06-23T15:01:25","guid":{"rendered":"https:\/\/centralconsulting.africa\/?post_type=product&#038;p=7233"},"modified":"2023-06-23T15:22:27","modified_gmt":"2023-06-23T15:22:27","slug":"compresseur-dair-deno-2k25-de-demarrage-de-moteur","status":"publish","type":"product","link":"https:\/\/centralconsulting.africa\/index.php\/product\/compresseur-dair-deno-2k25-de-demarrage-de-moteur\/","title":{"rendered":"Compresseur d&#8217;air DENO 2K25 de d\u00e9marrage de moteur"},"content":{"rendered":"<p>Refroidissement : refroidi \u00e0 l\u2019eau<br \/>\nEntra\u00eenement direct<br \/>\n2 \u00e9tages<br \/>\n2 cylindres<br \/>\nPression de travail (bar) : 30<br \/>\nMax. pression de travail (bar) : 40<br \/>\nTension (V) : 380 \u2013 690<br \/>\nHertz (Hz) : 50 \u00e0 60<br \/>\nCapacit\u00e9 (Nm3) : 16 \u2013 30<br \/>\nRPM : 950 \u2013 1750<br \/>\nPression plus faible sur demande..<\/p>\n","protected":false},"excerpt":{"rendered":"<p>Le compresseur DENO 2K25 est un compresseur d\u2019air \u00e0 piston de d\u00e9marrage de moteur diesel de navires. Les compresseurs d\u2019air peuvent \u00eatre livr\u00e9s en tant qu\u2019unit\u00e9 compl\u00e8tement assembl\u00e9es pour une installation facile et un d\u00e9marrage direct. Chaque compresseur d\u2019air est conforme aux r\u00e8gles et r\u00e9glementations des principales soci\u00e9t\u00e9s de classification.<\/p>\n","protected":false},"featured_media":7234,"comment_status":"open","ping_status":"closed","template":"","meta":[],"product_cat":[],"product_tag":[],"_links":{"self":[{"href":"https:\/\/centralconsulting.africa\/index.php\/wp-json\/wp\/v2\/product\/7233"}],"collection":[{"href":"https:\/\/centralconsulting.africa\/index.php\/wp-json\/wp\/v2\/product"}],"about":[{"href":"https:\/\/centralconsulting.africa\/index.php\/wp-json\/wp\/v2\/types\/product"}],"replies":[{"embeddable":true,"href":"https:\/\/centralconsulting.africa\/index.php\/wp-json\/wp\/v2\/comments?post=7233"}],"wp:featuredmedia":[{"embeddable":true,"href":"https:\/\/centralconsulting.africa\/index.php\/wp-json\/wp\/v2\/media\/7234"}],"wp:attachment":[{"href":"https:\/\/centralconsulting.africa\/index.php\/wp-json\/wp\/v2\/media?parent=7233"}],"wp:term":[{"taxonomy":"product_cat","embeddable":true,"href":"https:\/\/centralconsulting.africa\/index.php\/wp-json\/wp\/v2\/product_cat?post=7233"},{"taxonomy":"product_tag","embeddable":true,"href":"https:\/\/centralconsulting.africa\/index.php\/wp-json\/wp\/v2\/product_tag?post=7233"}],"curies":[{"name":"wp","href":"https:\/\/api.w.org\/{rel}","templated":true}]}}