{"id":7230,"date":"2023-06-23T14:57:24","date_gmt":"2023-06-23T14:57:24","guid":{"rendered":"https:\/\/centralconsulting.africa\/?post_type=product&#038;p=7230"},"modified":"2023-06-23T14:57:24","modified_gmt":"2023-06-23T14:57:24","slug":"compresseur-dair-deno-2l-15-pour-demarrage-de-moteur-de-navire","status":"publish","type":"product","link":"https:\/\/centralconsulting.africa\/index.php\/product\/compresseur-dair-deno-2l-15-pour-demarrage-de-moteur-de-navire\/","title":{"rendered":"Compresseur d\u2019air DENO 2L-15 pour d\u00e9marrage de moteur de navire"},"content":{"rendered":"","protected":false},"excerpt":{"rendered":"<p>Le compresseur DENO 2L-15 est un compresseur d\u2019air \u00e0 piston pour le d\u00e9marrage du moteur diesel des navires. Les compresseurs d\u2019air peuvent \u00eatre livr\u00e9s en tant qu\u2019unit\u00e9s l\u00e2ches ainsi que des patins d\u2019air de d\u00e9marrage compl\u00e8tement assembl\u00e9s pour une installation facile et un d\u00e9marrage direct. Chaque compresseur d\u2019air est conforme aux r\u00e8gles et r\u00e9glementations de toutes les grandes soci\u00e9t\u00e9s de classification.<\/p>\n","protected":false},"featured_media":7231,"comment_status":"open","ping_status":"closed","template":"","meta":[],"product_cat":[],"product_tag":[],"_links":{"self":[{"href":"https:\/\/centralconsulting.africa\/index.php\/wp-json\/wp\/v2\/product\/7230"}],"collection":[{"href":"https:\/\/centralconsulting.africa\/index.php\/wp-json\/wp\/v2\/product"}],"about":[{"href":"https:\/\/centralconsulting.africa\/index.php\/wp-json\/wp\/v2\/types\/product"}],"replies":[{"embeddable":true,"href":"https:\/\/centralconsulting.africa\/index.php\/wp-json\/wp\/v2\/comments?post=7230"}],"wp:featuredmedia":[{"embeddable":true,"href":"https:\/\/centralconsulting.africa\/index.php\/wp-json\/wp\/v2\/media\/7231"}],"wp:attachment":[{"href":"https:\/\/centralconsulting.africa\/index.php\/wp-json\/wp\/v2\/media?parent=7230"}],"wp:term":[{"taxonomy":"product_cat","embeddable":true,"href":"https:\/\/centralconsulting.africa\/index.php\/wp-json\/wp\/v2\/product_cat?post=7230"},{"taxonomy":"product_tag","embeddable":true,"href":"https:\/\/centralconsulting.africa\/index.php\/wp-json\/wp\/v2\/product_tag?post=7230"}],"curies":[{"name":"wp","href":"https:\/\/api.w.org\/{rel}","templated":true}]}}