{"id":7228,"date":"2023-06-23T14:49:18","date_gmt":"2023-06-23T14:49:18","guid":{"rendered":"https:\/\/centralconsulting.africa\/?post_type=product&#038;p=7228"},"modified":"2023-06-23T14:49:18","modified_gmt":"2023-06-23T14:49:18","slug":"surveillance-de-fonctionnement-des-propulseurs","status":"publish","type":"product","link":"https:\/\/centralconsulting.africa\/index.php\/product\/surveillance-de-fonctionnement-des-propulseurs\/","title":{"rendered":"SURVEILLANCE DE FONCTIONNEMENT DES PROPULSEURS"},"content":{"rendered":"","protected":false},"excerpt":{"rendered":"<p>Pour suivre le fonctionnement en continu des propulseurs en mer, Jastram a int\u00e9gr\u00e9 un syst\u00e8me de surveillance des fuites. L\u2019exploitation des navires offshore se caract\u00e9rise par de longues dur\u00e9es de fonctionnement et des intervalles d\u2019amarrage prolong\u00e9s. Cela n\u00e9cessite des intervalles de maintenance et des r\u00e9parations pr\u00e9visibles et projetables.<\/p>\n","protected":false},"featured_media":7229,"comment_status":"open","ping_status":"closed","template":"","meta":[],"product_cat":[],"product_tag":[],"_links":{"self":[{"href":"https:\/\/centralconsulting.africa\/index.php\/wp-json\/wp\/v2\/product\/7228"}],"collection":[{"href":"https:\/\/centralconsulting.africa\/index.php\/wp-json\/wp\/v2\/product"}],"about":[{"href":"https:\/\/centralconsulting.africa\/index.php\/wp-json\/wp\/v2\/types\/product"}],"replies":[{"embeddable":true,"href":"https:\/\/centralconsulting.africa\/index.php\/wp-json\/wp\/v2\/comments?post=7228"}],"wp:featuredmedia":[{"embeddable":true,"href":"https:\/\/centralconsulting.africa\/index.php\/wp-json\/wp\/v2\/media\/7229"}],"wp:attachment":[{"href":"https:\/\/centralconsulting.africa\/index.php\/wp-json\/wp\/v2\/media?parent=7228"}],"wp:term":[{"taxonomy":"product_cat","embeddable":true,"href":"https:\/\/centralconsulting.africa\/index.php\/wp-json\/wp\/v2\/product_cat?post=7228"},{"taxonomy":"product_tag","embeddable":true,"href":"https:\/\/centralconsulting.africa\/index.php\/wp-json\/wp\/v2\/product_tag?post=7228"}],"curies":[{"name":"wp","href":"https:\/\/api.w.org\/{rel}","templated":true}]}}