{"id":7224,"date":"2023-06-23T14:43:47","date_gmt":"2023-06-23T14:43:47","guid":{"rendered":"https:\/\/centralconsulting.africa\/?post_type=product&#038;p=7224"},"modified":"2023-06-23T14:43:47","modified_gmt":"2023-06-23T14:43:47","slug":"propulseurs-transversaux","status":"publish","type":"product","link":"https:\/\/centralconsulting.africa\/index.php\/product\/propulseurs-transversaux\/","title":{"rendered":"PROPULSEURS TRANSVERSAUX"},"content":{"rendered":"","protected":false},"excerpt":{"rendered":"<p>Jastram d\u00e9veloppe et produit des propulseurs transversaux depuis 1950. La fiabilit\u00e9 des engrenages pour chaque appareil sont reconnues par les industries maritimes et militaires. Jastram fabrique des propulseurs \u00e0 h\u00e9lice \u00e0 pas fixe (FPP) qui impliquent un entretien minimum du fait de leur solidit\u00e9 et leur fiabilit\u00e9. Les entrainements \u00e9lectriques vont du moins cher \u00e0 3 niveaux de commande pour les man\u0153uvres de port, jusqu\u2019aux entrainements par variation de fr\u00e9quence pour le positionnement dynamique. L\u2019offre de propulseurs Jastram couvre une grande vari\u00e9t\u00e9 de navires.<\/p>\n","protected":false},"featured_media":7225,"comment_status":"open","ping_status":"closed","template":"","meta":[],"product_cat":[],"product_tag":[],"_links":{"self":[{"href":"https:\/\/centralconsulting.africa\/index.php\/wp-json\/wp\/v2\/product\/7224"}],"collection":[{"href":"https:\/\/centralconsulting.africa\/index.php\/wp-json\/wp\/v2\/product"}],"about":[{"href":"https:\/\/centralconsulting.africa\/index.php\/wp-json\/wp\/v2\/types\/product"}],"replies":[{"embeddable":true,"href":"https:\/\/centralconsulting.africa\/index.php\/wp-json\/wp\/v2\/comments?post=7224"}],"wp:featuredmedia":[{"embeddable":true,"href":"https:\/\/centralconsulting.africa\/index.php\/wp-json\/wp\/v2\/media\/7225"}],"wp:attachment":[{"href":"https:\/\/centralconsulting.africa\/index.php\/wp-json\/wp\/v2\/media?parent=7224"}],"wp:term":[{"taxonomy":"product_cat","embeddable":true,"href":"https:\/\/centralconsulting.africa\/index.php\/wp-json\/wp\/v2\/product_cat?post=7224"},{"taxonomy":"product_tag","embeddable":true,"href":"https:\/\/centralconsulting.africa\/index.php\/wp-json\/wp\/v2\/product_tag?post=7224"}],"curies":[{"name":"wp","href":"https:\/\/api.w.org\/{rel}","templated":true}]}}