{"id":7220,"date":"2023-06-23T14:39:34","date_gmt":"2023-06-23T14:39:34","guid":{"rendered":"https:\/\/centralconsulting.africa\/?post_type=product&#038;p=7220"},"modified":"2023-06-23T14:39:35","modified_gmt":"2023-06-23T14:39:35","slug":"propulseurs-a-faible-bruit-jastram","status":"publish","type":"product","link":"https:\/\/centralconsulting.africa\/index.php\/product\/propulseurs-a-faible-bruit-jastram\/","title":{"rendered":"PROPULSEURS \u00c0 FAIBLE BRUIT JASTRAM"},"content":{"rendered":"","protected":false},"excerpt":{"rendered":"<p>Les propulseurs \u00e0 faible bruit Jastram r\u00e9pondent \u00e0 la demande de l\u2019industrie internationale des m\u00e9ga yachts.<\/p>\n<p>Les propulseurs actifs et passifs \u00e0 faible bruit de Jastram offrent des technologies sophistiqu\u00e9es permettant des man\u0153uvres silencieuses dans les ports et durant les travers\u00e9es en haute mer.<\/p>\n","protected":false},"featured_media":7221,"comment_status":"open","ping_status":"closed","template":"","meta":[],"product_cat":[],"product_tag":[],"_links":{"self":[{"href":"https:\/\/centralconsulting.africa\/index.php\/wp-json\/wp\/v2\/product\/7220"}],"collection":[{"href":"https:\/\/centralconsulting.africa\/index.php\/wp-json\/wp\/v2\/product"}],"about":[{"href":"https:\/\/centralconsulting.africa\/index.php\/wp-json\/wp\/v2\/types\/product"}],"replies":[{"embeddable":true,"href":"https:\/\/centralconsulting.africa\/index.php\/wp-json\/wp\/v2\/comments?post=7220"}],"wp:featuredmedia":[{"embeddable":true,"href":"https:\/\/centralconsulting.africa\/index.php\/wp-json\/wp\/v2\/media\/7221"}],"wp:attachment":[{"href":"https:\/\/centralconsulting.africa\/index.php\/wp-json\/wp\/v2\/media?parent=7220"}],"wp:term":[{"taxonomy":"product_cat","embeddable":true,"href":"https:\/\/centralconsulting.africa\/index.php\/wp-json\/wp\/v2\/product_cat?post=7220"},{"taxonomy":"product_tag","embeddable":true,"href":"https:\/\/centralconsulting.africa\/index.php\/wp-json\/wp\/v2\/product_tag?post=7220"}],"curies":[{"name":"wp","href":"https:\/\/api.w.org\/{rel}","templated":true}]}}