{"id":7213,"date":"2023-06-23T14:16:49","date_gmt":"2023-06-23T14:16:49","guid":{"rendered":"https:\/\/centralconsulting.africa\/?post_type=product&#038;p=7213"},"modified":"2023-06-23T14:20:21","modified_gmt":"2023-06-23T14:20:21","slug":"gouvernails-propulseurs-rp230-et-rp380-jastram","status":"publish","type":"product","link":"https:\/\/centralconsulting.africa\/index.php\/product\/gouvernails-propulseurs-rp230-et-rp380-jastram\/","title":{"rendered":"GOUVERNAILS PROPULSEURS RP230 ET RP380 JASTRAM"},"content":{"rendered":"<p>Pouss\u00e9e augment\u00e9e<br \/>\nMoins de bruit et moins de vibrations<br \/>\nProt\u00e8ge l\u2019h\u00e9lice des objets immerg\u00e9s<br \/>\nLa tuy\u00e8re est solidaire de la boite d\u2019entrainement permettant un entretien facilit\u00e9<br \/>\nPour les propulseurs sans tuy\u00e8re, un aileron de quille peut \u00eatre boulonn\u00e9 en pr\u00e9vention d\u2019un talonnage. Des d\u00e9flecteurs d\u2019entrainements d\u2019air selon la profondeur d\u2019immersion.<\/p>\n<p>L\u2019entrainement a des dimensions compactes, en particulier dans le cas d\u2019une commande hydraulique. Cette configuration est id\u00e9ale pour une installation sur pont ext\u00e9rieur. Les engrenages avec deux moteurs d\u2019entrainement sont utilis\u00e9s pour un montage en puit. Ces \u00e9quipements sont conformes aux exigences de classification.<\/p>\n","protected":false},"excerpt":{"rendered":"<p>Les vitesses initiales de 1800 et 2100 trs\/min. permettent d\u2019\u00eatre coupl\u00e9 \u00e0 tout moteur di\u00e9sel standard. Les diam\u00e8tres optimums pour ces deux mod\u00e8les de gouvernails propulseurs sont : 900mm pour les RP230 et 1100mm pour les RP380.<\/p>\n<p>Nos ing\u00e9nieurs seront heureux de vous assister pour la s\u00e9lection des dimensions les mieux adapt\u00e9es \u00e0 l\u2019utilisation sp\u00e9cifique de votre propulseur.<\/p>\n","protected":false},"featured_media":7214,"comment_status":"open","ping_status":"closed","template":"","meta":[],"product_cat":[],"product_tag":[],"_links":{"self":[{"href":"https:\/\/centralconsulting.africa\/index.php\/wp-json\/wp\/v2\/product\/7213"}],"collection":[{"href":"https:\/\/centralconsulting.africa\/index.php\/wp-json\/wp\/v2\/product"}],"about":[{"href":"https:\/\/centralconsulting.africa\/index.php\/wp-json\/wp\/v2\/types\/product"}],"replies":[{"embeddable":true,"href":"https:\/\/centralconsulting.africa\/index.php\/wp-json\/wp\/v2\/comments?post=7213"}],"wp:featuredmedia":[{"embeddable":true,"href":"https:\/\/centralconsulting.africa\/index.php\/wp-json\/wp\/v2\/media\/7214"}],"wp:attachment":[{"href":"https:\/\/centralconsulting.africa\/index.php\/wp-json\/wp\/v2\/media?parent=7213"}],"wp:term":[{"taxonomy":"product_cat","embeddable":true,"href":"https:\/\/centralconsulting.africa\/index.php\/wp-json\/wp\/v2\/product_cat?post=7213"},{"taxonomy":"product_tag","embeddable":true,"href":"https:\/\/centralconsulting.africa\/index.php\/wp-json\/wp\/v2\/product_tag?post=7213"}],"curies":[{"name":"wp","href":"https:\/\/api.w.org\/{rel}","templated":true}]}}