{"id":7211,"date":"2023-06-23T13:39:24","date_gmt":"2023-06-23T13:39:24","guid":{"rendered":"https:\/\/centralconsulting.africa\/?post_type=product&#038;p=7211"},"modified":"2023-06-23T13:39:24","modified_gmt":"2023-06-23T13:39:24","slug":"gouvernails-propulseurs-de-navires","status":"publish","type":"product","link":"https:\/\/centralconsulting.africa\/index.php\/product\/gouvernails-propulseurs-de-navires\/","title":{"rendered":"GOUVERNAILS PROPULSEURS DE NAVIRES"},"content":{"rendered":"","protected":false},"excerpt":{"rendered":"<p>40 ans d\u2019exp\u00e9rience en conception et en fabrication ont fa\u00e7onn\u00e9 le nouveau concept Jastram des gouvernails propulseurs RP230 et RP380. Plusieurs d\u00e9tails techniques t\u00e9moignent du d\u00e9veloppement fiable en man\u0153uvre et en robustesse de nos \u00e9quipements. La forme hydrodynamique a \u00e9t\u00e9 \u00e9labor\u00e9e avec l\u2019aide des outils d\u2019analyse CFD. La collaboration de nos ing\u00e9nieurs d\u2019intervention \u00e0 la phase de conception permet une installation et un entretien \u00e9conomiques.<\/p>\n<p>En coop\u00e9ration avec les soci\u00e9t\u00e9s de classification, ces appareils sont approuv\u00e9s pour une navigation Fluviale et Maritime.<\/p>\n","protected":false},"featured_media":7212,"comment_status":"open","ping_status":"closed","template":"","meta":[],"product_cat":[],"product_tag":[],"_links":{"self":[{"href":"https:\/\/centralconsulting.africa\/index.php\/wp-json\/wp\/v2\/product\/7211"}],"collection":[{"href":"https:\/\/centralconsulting.africa\/index.php\/wp-json\/wp\/v2\/product"}],"about":[{"href":"https:\/\/centralconsulting.africa\/index.php\/wp-json\/wp\/v2\/types\/product"}],"replies":[{"embeddable":true,"href":"https:\/\/centralconsulting.africa\/index.php\/wp-json\/wp\/v2\/comments?post=7211"}],"wp:featuredmedia":[{"embeddable":true,"href":"https:\/\/centralconsulting.africa\/index.php\/wp-json\/wp\/v2\/media\/7212"}],"wp:attachment":[{"href":"https:\/\/centralconsulting.africa\/index.php\/wp-json\/wp\/v2\/media?parent=7211"}],"wp:term":[{"taxonomy":"product_cat","embeddable":true,"href":"https:\/\/centralconsulting.africa\/index.php\/wp-json\/wp\/v2\/product_cat?post=7211"},{"taxonomy":"product_tag","embeddable":true,"href":"https:\/\/centralconsulting.africa\/index.php\/wp-json\/wp\/v2\/product_tag?post=7211"}],"curies":[{"name":"wp","href":"https:\/\/api.w.org\/{rel}","templated":true}]}}