{"id":7209,"date":"2023-06-23T13:29:09","date_gmt":"2023-06-23T13:29:09","guid":{"rendered":"https:\/\/centralconsulting.africa\/?post_type=product&#038;p=7209"},"modified":"2023-06-23T13:29:10","modified_gmt":"2023-06-23T13:29:10","slug":"portes-etanches-a-lenvahissement","status":"publish","type":"product","link":"https:\/\/centralconsulting.africa\/index.php\/product\/portes-etanches-a-lenvahissement\/","title":{"rendered":"Portes \u00e9tanches \u00e0 l\u2019envahissement"},"content":{"rendered":"","protected":false},"excerpt":{"rendered":"<p>DISPONIBILIT\u00c9S<br \/>\nAcier de cat\u00e9gorie A<br \/>\nAluminium r\u00e9sistant \u00e0 l\u2019eau de mer<br \/>\nAcier inoxydable Aisi 316 (L)<br \/>\nLame de porte de 8 mm avec raidisseurs n\u00e9cessaires<br \/>\nPression d\u2019eau test\u00e9e jusqu\u2019\u00e0 12 mwc des deux c\u00f4t\u00e9s<br \/>\nIndication d\u2019ouverture-fermeture incluse<\/p>\n","protected":false},"featured_media":7210,"comment_status":"open","ping_status":"closed","template":"","meta":[],"product_cat":[],"product_tag":[],"_links":{"self":[{"href":"https:\/\/centralconsulting.africa\/index.php\/wp-json\/wp\/v2\/product\/7209"}],"collection":[{"href":"https:\/\/centralconsulting.africa\/index.php\/wp-json\/wp\/v2\/product"}],"about":[{"href":"https:\/\/centralconsulting.africa\/index.php\/wp-json\/wp\/v2\/types\/product"}],"replies":[{"embeddable":true,"href":"https:\/\/centralconsulting.africa\/index.php\/wp-json\/wp\/v2\/comments?post=7209"}],"wp:featuredmedia":[{"embeddable":true,"href":"https:\/\/centralconsulting.africa\/index.php\/wp-json\/wp\/v2\/media\/7210"}],"wp:attachment":[{"href":"https:\/\/centralconsulting.africa\/index.php\/wp-json\/wp\/v2\/media?parent=7209"}],"wp:term":[{"taxonomy":"product_cat","embeddable":true,"href":"https:\/\/centralconsulting.africa\/index.php\/wp-json\/wp\/v2\/product_cat?post=7209"},{"taxonomy":"product_tag","embeddable":true,"href":"https:\/\/centralconsulting.africa\/index.php\/wp-json\/wp\/v2\/product_tag?post=7209"}],"curies":[{"name":"wp","href":"https:\/\/api.w.org\/{rel}","templated":true}]}}