{"id":7204,"date":"2023-06-23T13:07:16","date_gmt":"2023-06-23T13:07:16","guid":{"rendered":"https:\/\/centralconsulting.africa\/?post_type=product&#038;p=7204"},"modified":"2023-06-23T13:07:16","modified_gmt":"2023-06-23T13:07:16","slug":"portes-et-panneaux-etanches-de-navires","status":"publish","type":"product","link":"https:\/\/centralconsulting.africa\/index.php\/product\/portes-et-panneaux-etanches-de-navires\/","title":{"rendered":"PORTES ET PANNEAUX \u00c9TANCHES DE NAVIRES"},"content":{"rendered":"","protected":false},"excerpt":{"rendered":"<p>Les portes et panneaux \u00e9tanches de navires Winel peuvent \u00eatre trouv\u00e9s dans presque n\u2019importe quel secteur de l\u2019industrie maritime. Des clapets antiretour de r\u00e9servoir sont utilis\u00e9s sur tous les navires afin de ventiler les ballasts et pour purger les capacit\u00e9s tout en emp\u00eachant toute contamination par l\u2019eau dans une mer agit\u00e9e.<\/p>\n<p>Winel propose une large gamme de trappes standard jusqu\u2019\u00e0 800&#215;800 mm. Toutes les trappes de ventilation peuvent \u00eatre aliment\u00e9es par un m\u00e9canisme de fermeture \u00e0 action rapide, fiable et sans entretien. L\u2019op\u00e9ration peut \u00eatre effectu\u00e9e par levier, volant ou cl\u00e9 en T.<\/p>\n<p>Les portes \u00e0 charni\u00e8res Winel offrent une \u00e9tanch\u00e9it\u00e9 \u00e0 100% et sont con\u00e7ues pour s\u2019adapter aux conditions les plus difficiles. Les portes \u00e0 fermeture centrale \u00e9tanches aux \u00e9claboussures, \u00e9tanches aux intemp\u00e9ries et \u00e9tanches \u00e0 l\u2019envahissement sont fabriqu\u00e9es conform\u00e9ment aux r\u00e8glements maritimes.<\/p>\n<p>Les portes et panneaux \u00e9tanches Winel sont des produits sans entretien et faciles \u00e0 installer pour rendre la vie plus facile et plus s\u00fbre \u00e0 bord. Notre syst\u00e8me brevet\u00e9 Musketeer a trouv\u00e9 son utilisation sur de nombreux navires du monde entier et est r\u00e9put\u00e9 pour son excellent syst\u00e8me d\u2019exploitation. Un m\u00e9canisme de fermeture central en acier inoxydable avec une poign\u00e9e \u00e0 action rapide des deux c\u00f4t\u00e9s. Toutes les pi\u00e8ces tournantes sont fournies avec des roulements orkot qui ne n\u00e9cessitent pas de graisse.<\/p>\n","protected":false},"featured_media":7205,"comment_status":"open","ping_status":"closed","template":"","meta":[],"product_cat":[],"product_tag":[],"_links":{"self":[{"href":"https:\/\/centralconsulting.africa\/index.php\/wp-json\/wp\/v2\/product\/7204"}],"collection":[{"href":"https:\/\/centralconsulting.africa\/index.php\/wp-json\/wp\/v2\/product"}],"about":[{"href":"https:\/\/centralconsulting.africa\/index.php\/wp-json\/wp\/v2\/types\/product"}],"replies":[{"embeddable":true,"href":"https:\/\/centralconsulting.africa\/index.php\/wp-json\/wp\/v2\/comments?post=7204"}],"wp:featuredmedia":[{"embeddable":true,"href":"https:\/\/centralconsulting.africa\/index.php\/wp-json\/wp\/v2\/media\/7205"}],"wp:attachment":[{"href":"https:\/\/centralconsulting.africa\/index.php\/wp-json\/wp\/v2\/media?parent=7204"}],"wp:term":[{"taxonomy":"product_cat","embeddable":true,"href":"https:\/\/centralconsulting.africa\/index.php\/wp-json\/wp\/v2\/product_cat?post=7204"},{"taxonomy":"product_tag","embeddable":true,"href":"https:\/\/centralconsulting.africa\/index.php\/wp-json\/wp\/v2\/product_tag?post=7204"}],"curies":[{"name":"wp","href":"https:\/\/api.w.org\/{rel}","templated":true}]}}