{"id":7200,"date":"2023-06-23T12:58:54","date_gmt":"2023-06-23T12:58:54","guid":{"rendered":"https:\/\/centralconsulting.africa\/?post_type=product&#038;p=7200"},"modified":"2023-06-23T12:58:54","modified_gmt":"2023-06-23T12:58:54","slug":"robinetterie-industrielle-pour-navires","status":"publish","type":"product","link":"https:\/\/centralconsulting.africa\/index.php\/product\/robinetterie-industrielle-pour-navires\/","title":{"rendered":"Robinetterie Industrielle pour Navires"},"content":{"rendered":"","protected":false},"excerpt":{"rendered":"<p>Nos nombreux partenariats avec des fabricants de renom ainsi que nos marques propres nous permettent de vous offrir une gamme de produits compl\u00e8te :<\/p>\n<p>Robinets \u00e0 obturateur d\u00e9formable (\u00e0 membrane ou \u00e0 manchon)<br \/>\nRobinets 1\/4 de tour (\u00e0 papillon, \u00e0 tournant sph\u00e9rique, \u00e0 tournant coniques, registres)<br \/>\nRobinets multitours (\u00e0 soupape, \u00e0 opercule, \u00e0 guillotine, \u00e0 tournant conique \u00e0 double joints retractable, \u00e0 piston, robinets pointeau)<br \/>\nClapets (\u00e0 disque, \u00e0 battant simple et double)<br \/>\nAccessoires : filtres \u00e0 panier ou en Y, compensateurs (\u00e9lastom\u00e8re, PTFE ou m\u00e9talliques), contr\u00f4leurs de d\u00e9bits, protections de brides<br \/>\nRobinets thermoplastiques (robinets \u00e0 membrane, vannes papillon, robinets \u00e0 boisseau, clapets anti retour, filtres, joints de brides)<\/p>\n","protected":false},"featured_media":7201,"comment_status":"open","ping_status":"closed","template":"","meta":[],"product_cat":[],"product_tag":[],"_links":{"self":[{"href":"https:\/\/centralconsulting.africa\/index.php\/wp-json\/wp\/v2\/product\/7200"}],"collection":[{"href":"https:\/\/centralconsulting.africa\/index.php\/wp-json\/wp\/v2\/product"}],"about":[{"href":"https:\/\/centralconsulting.africa\/index.php\/wp-json\/wp\/v2\/types\/product"}],"replies":[{"embeddable":true,"href":"https:\/\/centralconsulting.africa\/index.php\/wp-json\/wp\/v2\/comments?post=7200"}],"wp:featuredmedia":[{"embeddable":true,"href":"https:\/\/centralconsulting.africa\/index.php\/wp-json\/wp\/v2\/media\/7201"}],"wp:attachment":[{"href":"https:\/\/centralconsulting.africa\/index.php\/wp-json\/wp\/v2\/media?parent=7200"}],"wp:term":[{"taxonomy":"product_cat","embeddable":true,"href":"https:\/\/centralconsulting.africa\/index.php\/wp-json\/wp\/v2\/product_cat?post=7200"},{"taxonomy":"product_tag","embeddable":true,"href":"https:\/\/centralconsulting.africa\/index.php\/wp-json\/wp\/v2\/product_tag?post=7200"}],"curies":[{"name":"wp","href":"https:\/\/api.w.org\/{rel}","templated":true}]}}