{"id":7195,"date":"2023-06-23T12:45:23","date_gmt":"2023-06-23T12:45:23","guid":{"rendered":"https:\/\/centralconsulting.africa\/?post_type=product&#038;p=7195"},"modified":"2023-06-23T12:45:23","modified_gmt":"2023-06-23T12:45:23","slug":"applications-des-grues-a-fleche-articulee","status":"publish","type":"product","link":"https:\/\/centralconsulting.africa\/index.php\/product\/applications-des-grues-a-fleche-articulee\/","title":{"rendered":"APPLICATIONS DES GRUES \u00c0 FL\u00c8CHE ARTICUL\u00c9E"},"content":{"rendered":"","protected":false},"excerpt":{"rendered":"<p>Grues pour applications marines<br \/>\nLes grues \u00e0 fl\u00e8che articul\u00e9e pour applications marines d\u00e9placent des charges extr\u00eamement lourdes, tandis que la position repliable compacte laisse plus de place sur le pont. Le niveau de contr\u00f4le am\u00e9lior\u00e9 rend la grue id\u00e9ale pour les op\u00e9rations de levage en mer. Les grues sont une solution privil\u00e9gi\u00e9e pour le levage de charges lourdes, l\u2019\u00e9quipement de service ou la manutention de conteneurs et de marchandises.<\/p>\n<p>Grues de ravitaillement<br \/>\nGrues de service<br \/>\nGrues de manutention de conteneurs et de marchandises<br \/>\nGrues pour applications offshores<br \/>\nLes grues \u00e0 fl\u00e8che articul\u00e9e sont con\u00e7ues pour soulever des charges \u00e9lev\u00e9es avec une fl\u00e8che allong\u00e9e et offrent \u00e0 l\u2019op\u00e9rateur une grande flexibilit\u00e9 lors des op\u00e9rations de levage. Les conditions m\u00e9t\u00e9orologiques extr\u00eames et les mers fortes introduisent des mouvements oscillants pour suspendre les charges. Le niveau de contr\u00f4le am\u00e9lior\u00e9 rend la grue id\u00e9ale pour les op\u00e9rations de levage en mer sur des plates-formes ou navires en mer.<\/p>\n<p>Grues de pont (\u00e0 bord des navires)<br \/>\nGrues Ship to Ship<br \/>\nGrues de manutention de tuyaux<br \/>\nGrues de manutention de bateaux<br \/>\nGrues \u00e0 fl\u00e8che articul\u00e9e \u2013 Offshore<br \/>\nGrues \u00e0 fl\u00e8che articul\u00e9e \u2013 Eolien<br \/>\nGrues pour applications \u00e9oliennes<br \/>\nLes grues \u00e0 fl\u00e8che articul\u00e9e pour l\u2019industrie \u00e9olienne assurent un chargement et un d\u00e9chargement s\u00fbrs et rapides des navires de ravitaillement et une manutention flexible des mat\u00e9riaux sur le poste. Les grues \u00e9oliennes sont personnalis\u00e9es pour s\u2019adapter \u00e0 tous les \u00e9tats de la mer (SWH). Les fonctions optionnelles ajoutent des fonctionnalit\u00e9s suppl\u00e9mentaires pour un fonctionnement s\u00fbr Les grues \u00e0 fl\u00e8che articul\u00e9e pour l\u2019industrie \u00e9olienne sont con\u00e7ues selon les exigences du client.<\/p>\n<p>Grues de sous-station<\/p>\n","protected":false},"featured_media":7196,"comment_status":"open","ping_status":"closed","template":"","meta":[],"product_cat":[],"product_tag":[],"_links":{"self":[{"href":"https:\/\/centralconsulting.africa\/index.php\/wp-json\/wp\/v2\/product\/7195"}],"collection":[{"href":"https:\/\/centralconsulting.africa\/index.php\/wp-json\/wp\/v2\/product"}],"about":[{"href":"https:\/\/centralconsulting.africa\/index.php\/wp-json\/wp\/v2\/types\/product"}],"replies":[{"embeddable":true,"href":"https:\/\/centralconsulting.africa\/index.php\/wp-json\/wp\/v2\/comments?post=7195"}],"wp:featuredmedia":[{"embeddable":true,"href":"https:\/\/centralconsulting.africa\/index.php\/wp-json\/wp\/v2\/media\/7196"}],"wp:attachment":[{"href":"https:\/\/centralconsulting.africa\/index.php\/wp-json\/wp\/v2\/media?parent=7195"}],"wp:term":[{"taxonomy":"product_cat","embeddable":true,"href":"https:\/\/centralconsulting.africa\/index.php\/wp-json\/wp\/v2\/product_cat?post=7195"},{"taxonomy":"product_tag","embeddable":true,"href":"https:\/\/centralconsulting.africa\/index.php\/wp-json\/wp\/v2\/product_tag?post=7195"}],"curies":[{"name":"wp","href":"https:\/\/api.w.org\/{rel}","templated":true}]}}