{"id":7193,"date":"2023-06-23T12:43:12","date_gmt":"2023-06-23T12:43:12","guid":{"rendered":"https:\/\/centralconsulting.africa\/?post_type=product&#038;p=7193"},"modified":"2023-06-23T12:43:12","modified_gmt":"2023-06-23T12:43:12","slug":"grues-marines-de-130-a-30000-knm","status":"publish","type":"product","link":"https:\/\/centralconsulting.africa\/index.php\/product\/grues-marines-de-130-a-30000-knm\/","title":{"rendered":"GRUES MARINES DE 130 \u00c0 30000 KNM"},"content":{"rendered":"","protected":false},"excerpt":{"rendered":"<p>Les grues \u00e0 fl\u00e8che articul\u00e9e PALFINGER MARINE ont \u00e9t\u00e9 con\u00e7ues pour lever des charges \u00e9lev\u00e9es avec une fl\u00e8che allong\u00e9e. Gr\u00e2ce \u00e0 leur flexibilit\u00e9 exceptionnelle dans le rayon d\u2019action, elles facilitent et s\u00e9curisent le chargement et le d\u00e9chargement des navires et la manipulation de diff\u00e9rents mat\u00e9riaux. Gr\u00e2ce \u00e0 leur niveau de contr\u00f4le am\u00e9lior\u00e9, ils sont \u00e9galement un excellent choix pour les op\u00e9rations de levage en mer. De faible poids et de taille compacte en position de stationnement, ce sont des outils \u00e9l\u00e9gants et puissants pour toutes sortes d\u2019environnements de travail. Disponibles entre 130 et 30 000 kNm de couple de levage et avec de nombreuses fonctionnalit\u00e9s en option, nos grues \u00e0 fl\u00e8che articul\u00e9e sont con\u00e7ues pour r\u00e9pondre aux besoins et exigences individuels.<\/p>\n","protected":false},"featured_media":7194,"comment_status":"open","ping_status":"closed","template":"","meta":[],"product_cat":[],"product_tag":[],"_links":{"self":[{"href":"https:\/\/centralconsulting.africa\/index.php\/wp-json\/wp\/v2\/product\/7193"}],"collection":[{"href":"https:\/\/centralconsulting.africa\/index.php\/wp-json\/wp\/v2\/product"}],"about":[{"href":"https:\/\/centralconsulting.africa\/index.php\/wp-json\/wp\/v2\/types\/product"}],"replies":[{"embeddable":true,"href":"https:\/\/centralconsulting.africa\/index.php\/wp-json\/wp\/v2\/comments?post=7193"}],"wp:featuredmedia":[{"embeddable":true,"href":"https:\/\/centralconsulting.africa\/index.php\/wp-json\/wp\/v2\/media\/7194"}],"wp:attachment":[{"href":"https:\/\/centralconsulting.africa\/index.php\/wp-json\/wp\/v2\/media?parent=7193"}],"wp:term":[{"taxonomy":"product_cat","embeddable":true,"href":"https:\/\/centralconsulting.africa\/index.php\/wp-json\/wp\/v2\/product_cat?post=7193"},{"taxonomy":"product_tag","embeddable":true,"href":"https:\/\/centralconsulting.africa\/index.php\/wp-json\/wp\/v2\/product_tag?post=7193"}],"curies":[{"name":"wp","href":"https:\/\/api.w.org\/{rel}","templated":true}]}}