{"id":7191,"date":"2023-06-23T12:41:11","date_gmt":"2023-06-23T12:41:11","guid":{"rendered":"https:\/\/centralconsulting.africa\/?post_type=product&#038;p=7191"},"modified":"2023-06-23T12:41:11","modified_gmt":"2023-06-23T12:41:11","slug":"applications-des-ponts-roulants","status":"publish","type":"product","link":"https:\/\/centralconsulting.africa\/index.php\/product\/applications-des-ponts-roulants\/","title":{"rendered":"APPLICATIONS DES PONTS ROULANTS"},"content":{"rendered":"","protected":false},"excerpt":{"rendered":"<p>Grues pour applications marines<br \/>\nLes ponts roulants sont disponibles dans de nombreuses configurations et pour une gamme d\u2019applications marines, des grues tr\u00e8s simples aux ponts roulants avanc\u00e9s. La fonction de d\u00e9placement indique la mobilit\u00e9 de la grue dans la fa\u00e7on dont elle se d\u00e9place dans une zone d\u2019op\u00e9ration donn\u00e9e. Les ponts roulants sont livr\u00e9s \u00e0 commande \u00e9lectrique ou hydraulique et avec de nombreuses fonctionnalit\u00e9s et options diff\u00e9rentes selon les applications. Toutes les grues sont livr\u00e9es sur mesure selon les exigences sp\u00e9cifiques du projet.<\/p>\n<p>Grues de ravitaillement monorail<br \/>\nGrues de salle des machines<br \/>\nGrues de rail de cargaison<br \/>\nPonts roulants<br \/>\nGrues de service<br \/>\nGrues pour applications offshores<br \/>\nPour les grues offshore, p\u00e9troli\u00e8res et gazi\u00e8res, les ponts roulants PALFINGER MARINE offrent de nombreuses configurations et pour diff\u00e9rentes applications, des simples grues de salle des machines aux grues de manutention d\u2019arbres BOP et XMAS tr\u00e8s avanc\u00e9es. Les structures de ponts roulants, suspendus, \u00e0 portique et semi-portiques sont disponibles pour diverses exigences de manutention jusqu\u2019\u00e0 SWL 600 t. La fonction de d\u00e9placement indique la mobilit\u00e9 de la grue dans la fa\u00e7on dont elle se d\u00e9place dans une zone d\u2019op\u00e9ration donn\u00e9e. Les grues peuvent \u00eatre livr\u00e9es avec des entra\u00eenements \u00e9lectriques ou hydrauliques, en fonction de l\u2019application avec de nombreuses fonctionnalit\u00e9s diff\u00e9rentes. Toutes les grues sont personnalis\u00e9es pour r\u00e9pondre aux besoins sp\u00e9cifiques du projet.<\/p>\n<p>Grues de manutention BOP<br \/>\nGrues de manutention de structures<br \/>\nGrues de manutention de tuyaux<br \/>\nGrues de manutention Riser<br \/>\nGrues de rail de cargaison<br \/>\nPonts roulants<br \/>\nGrues de service<\/p>\n","protected":false},"featured_media":7192,"comment_status":"open","ping_status":"closed","template":"","meta":[],"product_cat":[],"product_tag":[],"_links":{"self":[{"href":"https:\/\/centralconsulting.africa\/index.php\/wp-json\/wp\/v2\/product\/7191"}],"collection":[{"href":"https:\/\/centralconsulting.africa\/index.php\/wp-json\/wp\/v2\/product"}],"about":[{"href":"https:\/\/centralconsulting.africa\/index.php\/wp-json\/wp\/v2\/types\/product"}],"replies":[{"embeddable":true,"href":"https:\/\/centralconsulting.africa\/index.php\/wp-json\/wp\/v2\/comments?post=7191"}],"wp:featuredmedia":[{"embeddable":true,"href":"https:\/\/centralconsulting.africa\/index.php\/wp-json\/wp\/v2\/media\/7192"}],"wp:attachment":[{"href":"https:\/\/centralconsulting.africa\/index.php\/wp-json\/wp\/v2\/media?parent=7191"}],"wp:term":[{"taxonomy":"product_cat","embeddable":true,"href":"https:\/\/centralconsulting.africa\/index.php\/wp-json\/wp\/v2\/product_cat?post=7191"},{"taxonomy":"product_tag","embeddable":true,"href":"https:\/\/centralconsulting.africa\/index.php\/wp-json\/wp\/v2\/product_tag?post=7191"}],"curies":[{"name":"wp","href":"https:\/\/api.w.org\/{rel}","templated":true}]}}