{"id":7187,"date":"2023-06-23T12:32:27","date_gmt":"2023-06-23T12:32:27","guid":{"rendered":"https:\/\/centralconsulting.africa\/?post_type=product&#038;p=7187"},"modified":"2023-06-23T12:32:28","modified_gmt":"2023-06-23T12:32:28","slug":"conception-de-grue-marine-entierement-electrique","status":"publish","type":"product","link":"https:\/\/centralconsulting.africa\/index.php\/product\/conception-de-grue-marine-entierement-electrique\/","title":{"rendered":"CONCEPTION DE GRUE MARINE ENTI\u00c8REMENT \u00c9LECTRIQUE"},"content":{"rendered":"<p>Moins de vibrations, moins de bruit, moins de composants<br \/>\nOp\u00e9rations plus fluides et pr\u00e9visibles<br \/>\nR\u00e9duction des co\u00fbts de maintenance<br \/>\nMoins de composants sujets \u00e0 l\u2019usure<br \/>\nEcologique<br \/>\nAucun risque de mar\u00e9e noire<br \/>\nMoins de consommation d\u2019\u00e9nergie<\/p>\n","protected":false},"excerpt":{"rendered":"<p>PALFINGER MARINE a d\u00e9velopp\u00e9 une nouvelle gamme innovante de grues \u00e0 fl\u00e8che, \u00e0 treillis et \u00e0 c\u00e2ble avec entra\u00eenement enti\u00e8rement \u00e9lectrique bas\u00e9 sur la technologie VFD, con\u00e7ues selon EN13852-1 et NORSOK R002.<\/p>\n<p>Syst\u00e8me de contr\u00f4le ultramoderne<br \/>\nUtilisation s\u00fbre jusqu\u2019\u00e0 une hauteur de vague significative de 6 m<br \/>\nTableaux de charge optimis\u00e9s pour assurer une flexibilit\u00e9 de fonctionnement<br \/>\nCon\u00e7u pour un entretien facile \u2013 acc\u00e8s \u00e0 toutes les zones de la grue<br \/>\nAcc\u00e8s \u00e0 distance de la grue pour une assistance rapide et une d\u00e9tection des d\u00e9fauts<br \/>\nComposants standard pour assurer un entretien facile et un approvisionnement rapide en pi\u00e8ces de rechange<br \/>\nConception de grue enti\u00e8rement \u00e9lectrique<\/p>\n","protected":false},"featured_media":7188,"comment_status":"open","ping_status":"closed","template":"","meta":[],"product_cat":[],"product_tag":[],"_links":{"self":[{"href":"https:\/\/centralconsulting.africa\/index.php\/wp-json\/wp\/v2\/product\/7187"}],"collection":[{"href":"https:\/\/centralconsulting.africa\/index.php\/wp-json\/wp\/v2\/product"}],"about":[{"href":"https:\/\/centralconsulting.africa\/index.php\/wp-json\/wp\/v2\/types\/product"}],"replies":[{"embeddable":true,"href":"https:\/\/centralconsulting.africa\/index.php\/wp-json\/wp\/v2\/comments?post=7187"}],"wp:featuredmedia":[{"embeddable":true,"href":"https:\/\/centralconsulting.africa\/index.php\/wp-json\/wp\/v2\/media\/7188"}],"wp:attachment":[{"href":"https:\/\/centralconsulting.africa\/index.php\/wp-json\/wp\/v2\/media?parent=7187"}],"wp:term":[{"taxonomy":"product_cat","embeddable":true,"href":"https:\/\/centralconsulting.africa\/index.php\/wp-json\/wp\/v2\/product_cat?post=7187"},{"taxonomy":"product_tag","embeddable":true,"href":"https:\/\/centralconsulting.africa\/index.php\/wp-json\/wp\/v2\/product_tag?post=7187"}],"curies":[{"name":"wp","href":"https:\/\/api.w.org\/{rel}","templated":true}]}}