{"id":7183,"date":"2023-06-23T12:27:23","date_gmt":"2023-06-23T12:27:23","guid":{"rendered":"https:\/\/centralconsulting.africa\/?post_type=product&#038;p=7183"},"modified":"2023-06-23T12:27:23","modified_gmt":"2023-06-23T12:27:23","slug":"grues-marines-a-treillis-metallique","status":"publish","type":"product","link":"https:\/\/centralconsulting.africa\/index.php\/product\/grues-marines-a-treillis-metallique\/","title":{"rendered":"GRUES MARINES \u00c0 TREILLIS M\u00c9TALLIQUE"},"content":{"rendered":"","protected":false},"excerpt":{"rendered":"<p>Les grues \u00e0 fl\u00e8che \u00e0 treillis m\u00e9tallique et \u00e0 fl\u00e8che relevable offrent une solution de pointe pour les clients \u00e0 la recherche d\u2019une grue marine, offshore ou \u00e9olienne avec une port\u00e9e de plus de 50 m. G\u00e9n\u00e9ralement utilis\u00e9s pour les installations fixes sur les plates-formes de forage ou les navires de forage, ils sont conformes aux derni\u00e8res r\u00e8gles et r\u00e9glementations offshore et sont bas\u00e9s sur une conception de socle pivotant. Les grues offrent une qualit\u00e9 \u00e9lev\u00e9e et un poids optimis\u00e9 et sont \u00e9quip\u00e9es de blocs d\u2019alimentation \u00e9lectrohydrauliques ou hydrauliques diesel int\u00e9gr\u00e9s.<\/p>\n<p>PALFINGER MARINE propose \u00e9galement une nouvelle conception de grue \u00e0 fl\u00e8che relevable. Enti\u00e8rement \u00e9lectrique, il ne n\u00e9cessite pas d\u2019huile et moins de puissance, ce qui le rend remarquablement \u00e9cologique. De plus, la r\u00e9duction des besoins de maintenance permet de r\u00e9duire les co\u00fbts de dur\u00e9e de vie totaux.<\/p>\n","protected":false},"featured_media":7184,"comment_status":"open","ping_status":"closed","template":"","meta":[],"product_cat":[],"product_tag":[],"_links":{"self":[{"href":"https:\/\/centralconsulting.africa\/index.php\/wp-json\/wp\/v2\/product\/7183"}],"collection":[{"href":"https:\/\/centralconsulting.africa\/index.php\/wp-json\/wp\/v2\/product"}],"about":[{"href":"https:\/\/centralconsulting.africa\/index.php\/wp-json\/wp\/v2\/types\/product"}],"replies":[{"embeddable":true,"href":"https:\/\/centralconsulting.africa\/index.php\/wp-json\/wp\/v2\/comments?post=7183"}],"wp:featuredmedia":[{"embeddable":true,"href":"https:\/\/centralconsulting.africa\/index.php\/wp-json\/wp\/v2\/media\/7184"}],"wp:attachment":[{"href":"https:\/\/centralconsulting.africa\/index.php\/wp-json\/wp\/v2\/media?parent=7183"}],"wp:term":[{"taxonomy":"product_cat","embeddable":true,"href":"https:\/\/centralconsulting.africa\/index.php\/wp-json\/wp\/v2\/product_cat?post=7183"},{"taxonomy":"product_tag","embeddable":true,"href":"https:\/\/centralconsulting.africa\/index.php\/wp-json\/wp\/v2\/product_tag?post=7183"}],"curies":[{"name":"wp","href":"https:\/\/api.w.org\/{rel}","templated":true}]}}