{"id":7181,"date":"2023-06-23T12:24:20","date_gmt":"2023-06-23T12:24:20","guid":{"rendered":"https:\/\/centralconsulting.africa\/?post_type=product&#038;p=7181"},"modified":"2023-06-23T12:24:20","modified_gmt":"2023-06-23T12:24:20","slug":"applications-des-grues-a-fleche-rigide","status":"publish","type":"product","link":"https:\/\/centralconsulting.africa\/index.php\/product\/applications-des-grues-a-fleche-rigide\/","title":{"rendered":"APPLICATIONS DES GRUES \u00c0 FL\u00c8CHE RIGIDE"},"content":{"rendered":"","protected":false},"excerpt":{"rendered":"<p>Grues pour applications marines<br \/>\nLes grues \u00e0 fl\u00e8che rigide pour applications marines se distinguent par leur rapport poids \/ puissance exceptionnel. La conception \u00e9lanc\u00e9e avec des fonctionnalit\u00e9s et des options suppl\u00e9mentaires rendent les grues attrayantes pour les op\u00e9rateurs de navires de service pour le levage et la manutention de cargaisons et de conteneurs. Les grues \u00e0 fl\u00e8che rigide sont g\u00e9n\u00e9ralement utilis\u00e9es \u00e0 quais sur les installations fixes et dans les conditions portuaires.<\/p>\n<p>Grues de service<br \/>\nGrues de manutention de tuyaux<br \/>\nGrues de manutention de conteneurs et de marchandises<br \/>\nGrues pour applications offshores<br \/>\nLes grues \u00e0 fl\u00e8che rigide pour les applications offshores sont disponibles dans la gamme jusqu\u2019\u00e0 30000 kNm de couple de levage et peuvent \u00eatre fournies selon les exigences du client. Les grues \u00e0 fl\u00e8che rigide peuvent \u00eatre livr\u00e9es dans un large \u00e9ventail de certifications, de nombreuses fonctionnalit\u00e9s en option et sont g\u00e9n\u00e9ralement utilis\u00e9es sur les plates-formes p\u00e9troli\u00e8res ou les navires offshore, les grues soul\u00e8vent et manipulent des flexibles ou des provisions.<\/p>\n<p>Grues de chargement<br \/>\nGrues Ship to Ship<br \/>\nGrues de manutention de tuyaux<br \/>\nGrues de ravitaillement<br \/>\nGrues \u00e0 fl\u00e8che rigide \u2013 Offshore<br \/>\nGrues \u00e0 fl\u00e8che rigide \u2013 Eolien<br \/>\nGrues pour applications \u00e9oliennes<br \/>\nLes grues \u00e0 fl\u00e8che rigide pour l\u2019industrie \u00e9olienne assurent un d\u00e9chargement s\u00fbr et rapide des navires de ravitaillement. Principalement utilis\u00e9es sur les plates-formes ou sous-stations, les grues sont personnalis\u00e9es pour s\u2019adapter \u00e0 tous les \u00e9tats de la mer (SWH). Les caract\u00e9ristiques optionnelles pour une fonctionnalit\u00e9 suppl\u00e9mentaire et un fonctionnement s\u00fbr font des grues \u00e0 fl\u00e8che rigide le meilleur choix pour la manutention, l\u2019entretien et la manutention de divers \u00e9quipements. Les grues \u00e0 fl\u00e8che rigide pour l\u2019industrie \u00e9olienne sont con\u00e7ues selon les exigences du client.<\/p>\n<p>Grues de plateforme<br \/>\nGrues de sous-station<\/p>\n","protected":false},"featured_media":7182,"comment_status":"open","ping_status":"closed","template":"","meta":[],"product_cat":[],"product_tag":[],"_links":{"self":[{"href":"https:\/\/centralconsulting.africa\/index.php\/wp-json\/wp\/v2\/product\/7181"}],"collection":[{"href":"https:\/\/centralconsulting.africa\/index.php\/wp-json\/wp\/v2\/product"}],"about":[{"href":"https:\/\/centralconsulting.africa\/index.php\/wp-json\/wp\/v2\/types\/product"}],"replies":[{"embeddable":true,"href":"https:\/\/centralconsulting.africa\/index.php\/wp-json\/wp\/v2\/comments?post=7181"}],"wp:featuredmedia":[{"embeddable":true,"href":"https:\/\/centralconsulting.africa\/index.php\/wp-json\/wp\/v2\/media\/7182"}],"wp:attachment":[{"href":"https:\/\/centralconsulting.africa\/index.php\/wp-json\/wp\/v2\/media?parent=7181"}],"wp:term":[{"taxonomy":"product_cat","embeddable":true,"href":"https:\/\/centralconsulting.africa\/index.php\/wp-json\/wp\/v2\/product_cat?post=7181"},{"taxonomy":"product_tag","embeddable":true,"href":"https:\/\/centralconsulting.africa\/index.php\/wp-json\/wp\/v2\/product_tag?post=7181"}],"curies":[{"name":"wp","href":"https:\/\/api.w.org\/{rel}","templated":true}]}}