{"id":7179,"date":"2023-06-23T12:22:04","date_gmt":"2023-06-23T12:22:04","guid":{"rendered":"https:\/\/centralconsulting.africa\/?post_type=product&#038;p=7179"},"modified":"2023-06-23T12:22:04","modified_gmt":"2023-06-23T12:22:04","slug":"grues-marines-offshore-et-eoliennes","status":"publish","type":"product","link":"https:\/\/centralconsulting.africa\/index.php\/product\/grues-marines-offshore-et-eoliennes\/","title":{"rendered":"GRUES MARINES, OFFSHORE ET \u00c9OLIENNES"},"content":{"rendered":"","protected":false},"excerpt":{"rendered":"<p>Les grues marines, offshore et \u00e9oliennes de PALFINGER sont con\u00e7ues pour r\u00e9pondre aux normes de s\u00e9curit\u00e9 et aux conditions environnementales extr\u00eames de l\u2019industrie maritime.<br \/>\nDe plus PALFINGER a d\u00e9velopp\u00e9 une vaste gamme de treuils pour les navires offshore, les ravitailleurs, les navires sp\u00e9ciaux et les plates-formes p\u00e9troli\u00e8res.<\/p>\n","protected":false},"featured_media":7180,"comment_status":"open","ping_status":"closed","template":"","meta":[],"product_cat":[],"product_tag":[],"_links":{"self":[{"href":"https:\/\/centralconsulting.africa\/index.php\/wp-json\/wp\/v2\/product\/7179"}],"collection":[{"href":"https:\/\/centralconsulting.africa\/index.php\/wp-json\/wp\/v2\/product"}],"about":[{"href":"https:\/\/centralconsulting.africa\/index.php\/wp-json\/wp\/v2\/types\/product"}],"replies":[{"embeddable":true,"href":"https:\/\/centralconsulting.africa\/index.php\/wp-json\/wp\/v2\/comments?post=7179"}],"wp:featuredmedia":[{"embeddable":true,"href":"https:\/\/centralconsulting.africa\/index.php\/wp-json\/wp\/v2\/media\/7180"}],"wp:attachment":[{"href":"https:\/\/centralconsulting.africa\/index.php\/wp-json\/wp\/v2\/media?parent=7179"}],"wp:term":[{"taxonomy":"product_cat","embeddable":true,"href":"https:\/\/centralconsulting.africa\/index.php\/wp-json\/wp\/v2\/product_cat?post=7179"},{"taxonomy":"product_tag","embeddable":true,"href":"https:\/\/centralconsulting.africa\/index.php\/wp-json\/wp\/v2\/product_tag?post=7179"}],"curies":[{"name":"wp","href":"https:\/\/api.w.org\/{rel}","templated":true}]}}