{"id":7177,"date":"2023-06-23T12:17:39","date_gmt":"2023-06-23T12:17:39","guid":{"rendered":"https:\/\/centralconsulting.africa\/?post_type=product&#038;p=7177"},"modified":"2023-06-23T12:17:39","modified_gmt":"2023-06-23T12:17:39","slug":"grues-a-fleche-rigide-de-150-a-30000-knm","status":"publish","type":"product","link":"https:\/\/centralconsulting.africa\/index.php\/product\/grues-a-fleche-rigide-de-150-a-30000-knm\/","title":{"rendered":"GRUES \u00c0 FL\u00c8CHE RIGIDE DE 150 \u00c0 30000 KNM"},"content":{"rendered":"","protected":false},"excerpt":{"rendered":"<p>Les grues \u00e0 fl\u00e8che rigide sont un excellent choix pour la manutention et le d\u00e9chargement. Gr\u00e2ce \u00e0 leur architecture simple et pure bas\u00e9e sur une conception de pivotement de pi\u00e9destal avec relevage par v\u00e9rin hydraulique, ces grues n\u00e9cessitent peu d\u2019entretien. Combinant une complexit\u00e9 minimale et un poids optimis\u00e9 avec des composants de haute qualit\u00e9 et des caract\u00e9ristiques sp\u00e9ciales telles qu\u2019un traitement sp\u00e9cial contre la corrosion, les grues \u00e0 fl\u00e8che rigide sont un atout solide et fiable. Disponibles de 141 \u00e0 30 000 kNm de couple de levage, les grues peuvent \u00eatre enti\u00e8rement personnalis\u00e9es selon vos besoins. Livr\u00e9es avec une large gamme de certifications et de fonctionnalit\u00e9s optionnelles, elles sont parfaitement \u00e9quip\u00e9es pour toute application marine, offshore ou \u00e9olienne.<\/p>\n","protected":false},"featured_media":7178,"comment_status":"open","ping_status":"closed","template":"","meta":[],"product_cat":[],"product_tag":[],"_links":{"self":[{"href":"https:\/\/centralconsulting.africa\/index.php\/wp-json\/wp\/v2\/product\/7177"}],"collection":[{"href":"https:\/\/centralconsulting.africa\/index.php\/wp-json\/wp\/v2\/product"}],"about":[{"href":"https:\/\/centralconsulting.africa\/index.php\/wp-json\/wp\/v2\/types\/product"}],"replies":[{"embeddable":true,"href":"https:\/\/centralconsulting.africa\/index.php\/wp-json\/wp\/v2\/comments?post=7177"}],"wp:featuredmedia":[{"embeddable":true,"href":"https:\/\/centralconsulting.africa\/index.php\/wp-json\/wp\/v2\/media\/7178"}],"wp:attachment":[{"href":"https:\/\/centralconsulting.africa\/index.php\/wp-json\/wp\/v2\/media?parent=7177"}],"wp:term":[{"taxonomy":"product_cat","embeddable":true,"href":"https:\/\/centralconsulting.africa\/index.php\/wp-json\/wp\/v2\/product_cat?post=7177"},{"taxonomy":"product_tag","embeddable":true,"href":"https:\/\/centralconsulting.africa\/index.php\/wp-json\/wp\/v2\/product_tag?post=7177"}],"curies":[{"name":"wp","href":"https:\/\/api.w.org\/{rel}","templated":true}]}}